{"id":563,"date":"2025-09-16T10:36:22","date_gmt":"2025-09-16T10:36:22","guid":{"rendered":"https:\/\/www.wjlsteelsupplier.com\/?post_type=product&#038;p=563"},"modified":"2026-01-19T09:30:43","modified_gmt":"2026-01-19T09:30:43","slug":"galvanized-steel-coils","status":"publish","type":"product","link":"https:\/\/www.wjlsteelsupplier.com\/de\/produkt\/galvanized-steel-coils\/","title":{"rendered":"Verzinkte Stahlspulen Gro\u00dfhandel - China Verzinkter Stahl Lieferant"},"content":{"rendered":"<h2 class=\"wp-block-heading\">Merkmale von verzinkten Stahlspulen<\/h2>\n\n\n\n<ul class=\"wp-block-list\">\n<li><strong>Ausgezeichnete Korrosionsbest\u00e4ndigkeit:<\/strong> Unsere verzinkten Stahlcoils sind mit einer hochwertigen Zinkschicht auf der Oberfl\u00e4che beschichtet, die ausgezeichneten Rostschutz, Feuchtigkeitsbest\u00e4ndigkeit und anderen Umweltschutz bietet. Es bietet einen hervorragenden Schutz gegen Rost, Feuchtigkeit und andere Umweltfaktoren.<\/li>\n\n\n\n<li><strong>Hervorragende Haltbarkeit und Festigkeit:<\/strong> Verzinkte Stahlcoils vereinen die mechanische Festigkeit von modernem Stahl mit den sch\u00fctzenden Vorteilen von verzinkten Beschichtungen. Dies macht sie zu einer idealen Wahl f\u00fcr anspruchsvolle strukturelle Anwendungen.<\/li>\n\n\n\n<li><strong>Kosteng\u00fcnstig und langlebig: <\/strong>Verzinkte Stahlcoils verringern den Bedarf an h\u00e4ufiger Wartung, Reparatur oder Austausch und bieten somit \u00e4u\u00dferst kosteneffektive L\u00f6sungen f\u00fcr kurzfristige Projekte und langfristige Infrastrukturen.<\/li>\n\n\n\n<li><strong>Weit verbreitet: <\/strong>Verzinkte Stahlcoils sind f\u00fcr verschiedene Branchen und Anwendungen geeignet. Von Dachpaneelen und Wandverkleidungen bis hin zu Automobilverkleidungen, Haushaltsger\u00e4ten und Industrieanlagen k\u00f6nnen verzinkte Stahlbleche flexibel verschiedene Anforderungen erf\u00fcllen.<\/li>\n\n\n\n<li><strong>Anpassbare Spezifikationen: <\/strong>Wir bieten verzinkte Stahlcoils in verschiedenen Dicken, Breiten und L\u00e4ngen an, so dass der K\u00e4ufer genau die Gr\u00f6\u00dfe w\u00e4hlen kann, die er f\u00fcr ein bestimmtes Projekt ben\u00f6tigt.<\/li>\n<\/ul>","protected":false},"excerpt":{"rendered":"<p data-pm-slice=\"0 0 []\">Gro\u00dfhandel mit verzinkten Stahlcoils von einem vertrauensw\u00fcrdigen chinesischen Lieferanten, der hochwertigen, langlebigen und korrosionsbest\u00e4ndigen Stahl f\u00fcr eine Vielzahl von Anwendungen anbietet. Wir bieten anpassbare Dicke, Breite und L\u00e4nge, um die Bed\u00fcrfnisse der verschiedenen Anwendungsszenarien zu erf\u00fcllen. Willkommen, uns zu kontaktieren.<\/p>\n<p><script src=\"chrome-extension:\/\/fpelahbljekknahkcaegamhcndkfpfnc\/iFrame.js\" type=\"text\/javascript\"><\/script><\/p>","protected":false},"featured_media":1493,"comment_status":"closed","ping_status":"closed","template":"","meta":{"_acf_changed":false},"product_brand":[],"product_cat":[21,57],"product_tag":[],"class_list":{"0":"post-563","1":"product","2":"type-product","3":"status-publish","4":"has-post-thumbnail","6":"product_cat-galvanized-steel","7":"product_cat-galvanized-steel-coils","9":"first","10":"instock","11":"shipping-taxable","12":"product-type-simple"},"acf":[],"_links":{"self":[{"href":"https:\/\/www.wjlsteelsupplier.com\/de\/wp-json\/wp\/v2\/product\/563","targetHints":{"allow":["GET"]}}],"collection":[{"href":"https:\/\/www.wjlsteelsupplier.com\/de\/wp-json\/wp\/v2\/product"}],"about":[{"href":"https:\/\/www.wjlsteelsupplier.com\/de\/wp-json\/wp\/v2\/types\/product"}],"replies":[{"embeddable":true,"href":"https:\/\/www.wjlsteelsupplier.com\/de\/wp-json\/wp\/v2\/comments?post=563"}],"wp:featuredmedia":[{"embeddable":true,"href":"https:\/\/www.wjlsteelsupplier.com\/de\/wp-json\/wp\/v2\/media\/1493"}],"wp:attachment":[{"href":"https:\/\/www.wjlsteelsupplier.com\/de\/wp-json\/wp\/v2\/media?parent=563"}],"wp:term":[{"taxonomy":"product_brand","embeddable":true,"href":"https:\/\/www.wjlsteelsupplier.com\/de\/wp-json\/wp\/v2\/product_brand?post=563"},{"taxonomy":"product_cat","embeddable":true,"href":"https:\/\/www.wjlsteelsupplier.com\/de\/wp-json\/wp\/v2\/product_cat?post=563"},{"taxonomy":"product_tag","embeddable":true,"href":"https:\/\/www.wjlsteelsupplier.com\/de\/wp-json\/wp\/v2\/product_tag?post=563"}],"curies":[{"name":"wp","href":"https:\/\/api.w.org\/{rel}","templated":true}]}}