{"id":560,"date":"2025-09-16T08:16:07","date_gmt":"2025-09-16T08:16:07","guid":{"rendered":"https:\/\/www.wjlsteelsupplier.com\/?post_type=product&#038;p=560"},"modified":"2025-09-16T10:32:24","modified_gmt":"2025-09-16T10:32:24","slug":"grain-oriented-electrical-steel-plates","status":"publish","type":"product","link":"https:\/\/www.wjlsteelsupplier.com\/de\/produkt\/grain-oriented-electrical-steel-plates\/","title":{"rendered":"Kornorientierte Elektrobleche Gro\u00dfhandel"},"content":{"rendered":"<h2 class=\"wp-block-heading\">Merkmale von kornorientierten Elektroblechen<\/h2>\n\n\n\n<ul class=\"wp-block-list\">\n<li><strong>Verbesserung der Energieeffizienz: <\/strong>Kornorientierte Elektrobleche werden nach speziellen Verfahren mit Kornorientierung hergestellt, die den Eisenverlust w\u00e4hrend der Magnetisierung erheblich reduzieren k\u00f6nnen. Dadurch kann sichergestellt werden, dass Transformatoren und elektrische Ger\u00e4te ihre Energieeffizienz verbessern und damit den Energieverbrauch und die Betriebskosten der Kunden senken.<\/li>\n\n\n\n<li><strong>Hohe magnetische Permeabilit\u00e4t: <\/strong>Diese Stahlbleche weisen eine ausgezeichnete magnetische Permeabilit\u00e4t entlang der Walzrichtung auf. Dank dieser Eigenschaft k\u00f6nnen elektrische Ger\u00e4te wie Transformatoren und Drosselspulen eine bessere Leistung bei geringerer Erregungsleistung erzielen, wodurch sich die Zuverl\u00e4ssigkeit und der Gesamtwirkungsgrad verbessern.<\/li>\n\n\n\n<li><strong>Entspricht den internationalen Normen: <\/strong>Unsere kornorientierten Elektrobleche erf\u00fcllen strenge Industriezertifizierungen und Leistungsstandards und sind damit eine zuverl\u00e4ssige Wahl f\u00fcr globale Kunden, die zuverl\u00e4ssige Materialien f\u00fcr energieeffiziente Transformatoren und Verteilersysteme suchen.<\/li>\n\n\n\n<li><strong>Kosteng\u00fcnstige Versorgung im Gro\u00dfhandel: <\/strong>Wir bieten Massenprodukte zu wettbewerbsf\u00e4higen Preisen und gew\u00e4hrleisten hohe Qualit\u00e4t. Hersteller von Kompressoren und elektrischen Ger\u00e4ten k\u00f6nnen ihre Materialkosten senken und gleichzeitig die hohen Qualit\u00e4tsstandards beibehalten.<\/li>\n<\/ul>","protected":false},"excerpt":{"rendered":"<p>Unsere kornorientierten Elektrobleche haben hervorragende magnetische Eigenschaften, einen geringeren Eisenverlust und eine h\u00f6here magnetische Permeabilit\u00e4t. Wir liefern in gro\u00dfen Mengen und garantieren wettbewerbsf\u00e4hige Preise. Hersteller sind willkommen, in gro\u00dfen Mengen zu kaufen.<\/p>\n<p>\n<script src=\"chrome-extension:\/\/fpelahbljekknahkcaegamhcndkfpfnc\/iFrame.js\" type=\"text\/javascript\"><\/script><\/p>","protected":false},"featured_media":562,"comment_status":"closed","ping_status":"closed","template":"","meta":{"_acf_changed":false},"product_brand":[],"product_cat":[24,48],"product_tag":[],"class_list":{"0":"post-560","1":"product","2":"type-product","3":"status-publish","4":"has-post-thumbnail","6":"product_cat-grain-oriented-electrical-steel","7":"product_cat-grain-oriented-electrical-steel-plates","9":"first","10":"instock","11":"shipping-taxable","12":"product-type-simple"},"acf":[],"_links":{"self":[{"href":"https:\/\/www.wjlsteelsupplier.com\/de\/wp-json\/wp\/v2\/product\/560","targetHints":{"allow":["GET"]}}],"collection":[{"href":"https:\/\/www.wjlsteelsupplier.com\/de\/wp-json\/wp\/v2\/product"}],"about":[{"href":"https:\/\/www.wjlsteelsupplier.com\/de\/wp-json\/wp\/v2\/types\/product"}],"replies":[{"embeddable":true,"href":"https:\/\/www.wjlsteelsupplier.com\/de\/wp-json\/wp\/v2\/comments?post=560"}],"wp:featuredmedia":[{"embeddable":true,"href":"https:\/\/www.wjlsteelsupplier.com\/de\/wp-json\/wp\/v2\/media\/562"}],"wp:attachment":[{"href":"https:\/\/www.wjlsteelsupplier.com\/de\/wp-json\/wp\/v2\/media?parent=560"}],"wp:term":[{"taxonomy":"product_brand","embeddable":true,"href":"https:\/\/www.wjlsteelsupplier.com\/de\/wp-json\/wp\/v2\/product_brand?post=560"},{"taxonomy":"product_cat","embeddable":true,"href":"https:\/\/www.wjlsteelsupplier.com\/de\/wp-json\/wp\/v2\/product_cat?post=560"},{"taxonomy":"product_tag","embeddable":true,"href":"https:\/\/www.wjlsteelsupplier.com\/de\/wp-json\/wp\/v2\/product_tag?post=560"}],"curies":[{"name":"wp","href":"https:\/\/api.w.org\/{rel}","templated":true}]}}