{"id":548,"date":"2025-09-16T02:18:53","date_gmt":"2025-09-16T02:18:53","guid":{"rendered":"https:\/\/www.wjlsteelsupplier.com\/?post_type=product&#038;p=548"},"modified":"2025-09-16T02:50:42","modified_gmt":"2025-09-16T02:50:42","slug":"non-oriented-electrical-steel-plates","status":"publish","type":"product","link":"https:\/\/www.wjlsteelsupplier.com\/de\/produkt\/non-oriented-electrical-steel-plates\/","title":{"rendered":"Nicht-orientierte Elektrobleche Gro\u00dfhandel - NGO Elektrobleche"},"content":{"rendered":"<h2 class=\"wp-block-heading\">Merkmale von nicht orientierten Elektroblechen<\/h2>\n\n\n\n<ul class=\"wp-block-list\">\n<li><strong>Gleichm\u00e4\u00dfige Dicke und pr\u00e4zise Gr\u00f6\u00dfe:<\/strong> Jede Charge von Platten wird einer strengen Pr\u00fcfung unterzogen, um eine einheitliche Dicke und genaue Gr\u00f6\u00dfe zu gew\u00e4hrleisten. Einheitliche und pr\u00e4zise Plattenmaterialien k\u00f6nnen Montagefehler minimieren und die Produktionseffizienz so weit wie m\u00f6glich verbessern.<\/li>\n\n\n\n<li><strong>Breites Spektrum an industriellen Anwendungen: <\/strong>Diese Platinen eignen sich f\u00fcr verschiedene Motoren, Generatoren, Transformatoren, Haushaltsger\u00e4te und andere elektronische Ger\u00e4te und erf\u00fcllen die Leistungsanforderungen unterschiedlicher Branchen.<\/li>\n\n\n\n<li><strong>Batch-Anpassung, flexible Spezifikationen:<\/strong> Wir bieten individuelle Optionen f\u00fcr Dicke, Breite, L\u00e4nge und Oberfl\u00e4chenbehandlung je nach Kundenwunsch.<\/li>\n\n\n\n<li><strong>Strenges Qualit\u00e4tsmanagement und Zertifizierung: <\/strong>Jede Produktcharge wird strengen Tests unterzogen, um die internationalen Standards und Industrienormen zu erf\u00fcllen und eine langfristige Stabilit\u00e4t und Zuverl\u00e4ssigkeit zu gew\u00e4hrleisten.<\/li>\n\n\n\n<li><strong>Kontinuierliche Versorgung und Kostenvorteil: <\/strong>Wir verf\u00fcgen \u00fcber eine komplette Produktionslinie und ein Bestandsverwaltungssystem, um eine langfristige stabile Versorgung zu gew\u00e4hrleisten. Die Gro\u00dfhandelspreise bieten eine hohe Kosteneffizienz und verhelfen industriellen Kunden zu Vorteilen bei der Beschaffung und Herstellung.<\/li>\n<\/ul>","protected":false},"excerpt":{"rendered":"<p>China Fabrik Gro\u00dfhandel nicht-orientierte Elektrobleche. Diese Bleche bieten eine einheitliche Dicke, Haltbarkeit und zuverl\u00e4ssige Qualit\u00e4t, wodurch sie ideal f\u00fcr Motoren, Transformatoren und industrielle elektrische Anwendungen sind. Wir bieten kundenspezifische Gr\u00f6\u00dfen und Oberfl\u00e4chenbehandlungen, so kontaktieren Sie uns bitte.<\/p>\n<p>\n<script src=\"chrome-extension:\/\/fpelahbljekknahkcaegamhcndkfpfnc\/iFrame.js\" type=\"text\/javascript\"><\/script><\/p>","protected":false},"featured_media":551,"comment_status":"closed","ping_status":"closed","template":"","meta":{"_acf_changed":false},"product_brand":[],"product_cat":[23,51],"product_tag":[],"class_list":{"0":"post-548","1":"product","2":"type-product","3":"status-publish","4":"has-post-thumbnail","6":"product_cat-non-oriented-electrical-steel","7":"product_cat-non-oriented-electrical-steel-plates","9":"first","10":"instock","11":"shipping-taxable","12":"product-type-simple"},"acf":[],"_links":{"self":[{"href":"https:\/\/www.wjlsteelsupplier.com\/de\/wp-json\/wp\/v2\/product\/548","targetHints":{"allow":["GET"]}}],"collection":[{"href":"https:\/\/www.wjlsteelsupplier.com\/de\/wp-json\/wp\/v2\/product"}],"about":[{"href":"https:\/\/www.wjlsteelsupplier.com\/de\/wp-json\/wp\/v2\/types\/product"}],"replies":[{"embeddable":true,"href":"https:\/\/www.wjlsteelsupplier.com\/de\/wp-json\/wp\/v2\/comments?post=548"}],"wp:featuredmedia":[{"embeddable":true,"href":"https:\/\/www.wjlsteelsupplier.com\/de\/wp-json\/wp\/v2\/media\/551"}],"wp:attachment":[{"href":"https:\/\/www.wjlsteelsupplier.com\/de\/wp-json\/wp\/v2\/media?parent=548"}],"wp:term":[{"taxonomy":"product_brand","embeddable":true,"href":"https:\/\/www.wjlsteelsupplier.com\/de\/wp-json\/wp\/v2\/product_brand?post=548"},{"taxonomy":"product_cat","embeddable":true,"href":"https:\/\/www.wjlsteelsupplier.com\/de\/wp-json\/wp\/v2\/product_cat?post=548"},{"taxonomy":"product_tag","embeddable":true,"href":"https:\/\/www.wjlsteelsupplier.com\/de\/wp-json\/wp\/v2\/product_tag?post=548"}],"curies":[{"name":"wp","href":"https:\/\/api.w.org\/{rel}","templated":true}]}}