{"id":540,"date":"2025-09-15T11:56:25","date_gmt":"2025-09-15T11:56:25","guid":{"rendered":"https:\/\/www.wjlsteelsupplier.com\/?post_type=product&#038;p=540"},"modified":"2025-09-15T12:16:22","modified_gmt":"2025-09-15T12:16:22","slug":"galvalume-steel-strips","status":"publish","type":"product","link":"https:\/\/www.wjlsteelsupplier.com\/de\/produkt\/galvalume-steel-strips\/","title":{"rendered":"Galvalume Steel Strips Wholesale - Hervorragende W\u00e4rmebest\u00e4ndigkeit, Rostschutz und Pr\u00e4zisionsschnitt f\u00fcr individuelle Projekte"},"content":{"rendered":"<h2 class=\"wp-block-heading\">Merkmale von Galvalume-Stahlb\u00e4ndern<\/h2>\n\n\n\n<ul class=\"wp-block-list\">\n<li><strong>Pr\u00e4zises Schneiden: <\/strong>Jedes Galvalume-Stahlband wird mit strenger Ma\u00dfgenauigkeit, einheitlicher Breite, Dicke und Oberfl\u00e4chenbeschaffenheit hergestellt.<\/li>\n\n\n\n<li><strong>Chargenlieferung und OEM\/ODM-Anpassung: <\/strong>Als f\u00fchrender Hersteller unterst\u00fctzen wir Gro\u00dfserienauftr\u00e4ge und ma\u00dfgeschneiderte Spezifikationen f\u00fcr Breite, Dicke und Oberfl\u00e4chenbeschaffenheit.<\/li>\n\n\n\n<li><strong>Weit verbreitet: <\/strong>Galvalume-Stahlb\u00e4nder haben ein breites Anwendungsspektrum, z. B. f\u00fcr D\u00e4cher und Wandverkleidungen, Automobilteile, Haushaltsger\u00e4te, landwirtschaftliche Ger\u00e4te und kundenspezifische Industriekomponenten. Es hat eine starke Anpassungsf\u00e4higkeit.<\/li>\n\n\n\n<li><strong>Gleichbleibende Qualit\u00e4t durch strenge Tests: <\/strong>Jede Charge von B\u00e4ndern wird einer strengen Qualit\u00e4tspr\u00fcfung unterzogen, bei der unter anderem die Gl\u00e4tte der Oberfl\u00e4che, die Ma\u00dfhaltigkeit und die Haftung der Beschichtung gepr\u00fcft werden, um eine gleichbleibende Leistung bei allen Bestellungen zu gew\u00e4hrleisten.<\/li>\n<\/ul>","protected":false},"excerpt":{"rendered":"<p>Unsere Galvalume-Stahlb\u00e4nder sind auf Haltbarkeit und Zuverl\u00e4ssigkeit ausgelegt. Als vertrauensw\u00fcrdiger Hersteller bieten wir Bulk-Lieferung, OEM\/ODM-Anpassung und strenge Qualit\u00e4tskontrolle, um stabile Leistung und zuverl\u00e4ssige Lieferung f\u00fcr jede Bestellung zu gew\u00e4hrleisten, sowie professionelle technische Unterst\u00fctzung.<\/p>\n<p>\n<script src=\"chrome-extension:\/\/fpelahbljekknahkcaegamhcndkfpfnc\/iFrame.js\" type=\"text\/javascript\"><\/script><\/p>","protected":false},"featured_media":541,"comment_status":"closed","ping_status":"closed","template":"","meta":{"_acf_changed":false},"product_brand":[],"product_cat":[22,56],"product_tag":[],"class_list":{"0":"post-540","1":"product","2":"type-product","3":"status-publish","4":"has-post-thumbnail","6":"product_cat-galvalume-steel","7":"product_cat-galvalume-steel-strips","9":"first","10":"instock","11":"shipping-taxable","12":"product-type-simple"},"acf":[],"_links":{"self":[{"href":"https:\/\/www.wjlsteelsupplier.com\/de\/wp-json\/wp\/v2\/product\/540","targetHints":{"allow":["GET"]}}],"collection":[{"href":"https:\/\/www.wjlsteelsupplier.com\/de\/wp-json\/wp\/v2\/product"}],"about":[{"href":"https:\/\/www.wjlsteelsupplier.com\/de\/wp-json\/wp\/v2\/types\/product"}],"replies":[{"embeddable":true,"href":"https:\/\/www.wjlsteelsupplier.com\/de\/wp-json\/wp\/v2\/comments?post=540"}],"wp:featuredmedia":[{"embeddable":true,"href":"https:\/\/www.wjlsteelsupplier.com\/de\/wp-json\/wp\/v2\/media\/541"}],"wp:attachment":[{"href":"https:\/\/www.wjlsteelsupplier.com\/de\/wp-json\/wp\/v2\/media?parent=540"}],"wp:term":[{"taxonomy":"product_brand","embeddable":true,"href":"https:\/\/www.wjlsteelsupplier.com\/de\/wp-json\/wp\/v2\/product_brand?post=540"},{"taxonomy":"product_cat","embeddable":true,"href":"https:\/\/www.wjlsteelsupplier.com\/de\/wp-json\/wp\/v2\/product_cat?post=540"},{"taxonomy":"product_tag","embeddable":true,"href":"https:\/\/www.wjlsteelsupplier.com\/de\/wp-json\/wp\/v2\/product_tag?post=540"}],"curies":[{"name":"wp","href":"https:\/\/api.w.org\/{rel}","templated":true}]}}