{"id":538,"date":"2025-09-15T11:35:59","date_gmt":"2025-09-15T11:35:59","guid":{"rendered":"https:\/\/www.wjlsteelsupplier.com\/?post_type=product&#038;p=538"},"modified":"2025-09-20T02:14:07","modified_gmt":"2025-09-20T02:14:07","slug":"galvalume-steel-plates-2","status":"publish","type":"product","link":"https:\/\/www.wjlsteelsupplier.com\/de\/produkt\/galvalume-steel-plates-2\/","title":{"rendered":"Galvalume Stahlbleche Gro\u00dfhandel - Bulk Supply f\u00fcr Bau, industrielle Anwendungen"},"content":{"rendered":"<h2 class=\"wp-block-heading\">Merkmale von Galvalume-Stahlblechen<\/h2>\n\n\n\n<ul class=\"wp-block-list\">\n<li><strong>Ausgezeichnete Korrosionsbest\u00e4ndigkeit:<\/strong> Galvalume-Stahlbleche sind mit einer hochwertigen Aluminium-Zink-Legierung beschichtet, die eine dauerhafte Schutzschicht auf der Oberfl\u00e4che bildet und Rost, Oxidation und Sch\u00e4den durch Feuchtigkeit oder raue Witterung wirksam verhindert.<\/li>\n\n\n\n<li><strong>Bearbeitbarkeit: <\/strong>Diese Stahlbleche sind vielseitig einsetzbar, z. B. durch Schneiden, Biegen, Stanzen oder Schwei\u00dfen, und eignen sich f\u00fcr verschiedene Anwendungen wie D\u00e4cher, Wandverkleidungen, mechanische Ger\u00e4te usw.<\/li>\n\n\n\n<li><strong>Kosteng\u00fcnstig und langlebig: <\/strong>Galvalume-Stahlbleche vereinen Wirtschaftlichkeit und Langlebigkeit, was sie zu einer praktischen Wahl f\u00fcr gro\u00dfe Bau- oder Industrieprojekte macht.<\/li>\n\n\n\n<li><strong>Chargenlieferung f\u00fcr Gro\u00dfprojekte: <\/strong>Als professionelles Stahlwerk sind wir in der Lage, Galvalume Steel Plates f\u00fcr Gro\u00dfprojekte in Chargen zu liefern und sicherzustellen, dass die K\u00e4ufer gleichbleibende Qualit\u00e4t und wettbewerbsf\u00e4hige Preise erhalten.<\/li>\n<\/ul>","protected":false},"excerpt":{"rendered":"<p>Gro\u00dfhandels-Galvalume-Stahlplatten haben eine ausgezeichnete Korrosions- und Hitzebest\u00e4ndigkeit, was sie zu einer zuverl\u00e4ssigen Wahl f\u00fcr anspruchsvolle Bau- und Industrieprojekte macht. Wir bieten eine Vielzahl von Spezifikationen und Dicken an und unterst\u00fctzen Verarbeitungsmethoden wie Schneiden, Biegen, Stanzen oder Schwei\u00dfen, um unterschiedliche Projektanforderungen zu erf\u00fcllen. Nehmen Sie Kontakt mit uns auf.<\/p>\n<p><script src=\"chrome-extension:\/\/fpelahbljekknahkcaegamhcndkfpfnc\/iFrame.js\" type=\"text\/javascript\"><\/script><\/p>","protected":false},"featured_media":536,"comment_status":"closed","ping_status":"closed","template":"","meta":{"_acf_changed":false},"product_brand":[],"product_cat":[22,55],"product_tag":[],"class_list":{"0":"post-538","1":"product","2":"type-product","3":"status-publish","4":"has-post-thumbnail","6":"product_cat-galvalume-steel","7":"product_cat-galvalume-steel-plates","9":"first","10":"instock","11":"shipping-taxable","12":"product-type-simple"},"acf":[],"_links":{"self":[{"href":"https:\/\/www.wjlsteelsupplier.com\/de\/wp-json\/wp\/v2\/product\/538","targetHints":{"allow":["GET"]}}],"collection":[{"href":"https:\/\/www.wjlsteelsupplier.com\/de\/wp-json\/wp\/v2\/product"}],"about":[{"href":"https:\/\/www.wjlsteelsupplier.com\/de\/wp-json\/wp\/v2\/types\/product"}],"replies":[{"embeddable":true,"href":"https:\/\/www.wjlsteelsupplier.com\/de\/wp-json\/wp\/v2\/comments?post=538"}],"wp:featuredmedia":[{"embeddable":true,"href":"https:\/\/www.wjlsteelsupplier.com\/de\/wp-json\/wp\/v2\/media\/536"}],"wp:attachment":[{"href":"https:\/\/www.wjlsteelsupplier.com\/de\/wp-json\/wp\/v2\/media?parent=538"}],"wp:term":[{"taxonomy":"product_brand","embeddable":true,"href":"https:\/\/www.wjlsteelsupplier.com\/de\/wp-json\/wp\/v2\/product_brand?post=538"},{"taxonomy":"product_cat","embeddable":true,"href":"https:\/\/www.wjlsteelsupplier.com\/de\/wp-json\/wp\/v2\/product_cat?post=538"},{"taxonomy":"product_tag","embeddable":true,"href":"https:\/\/www.wjlsteelsupplier.com\/de\/wp-json\/wp\/v2\/product_tag?post=538"}],"curies":[{"name":"wp","href":"https:\/\/api.w.org\/{rel}","templated":true}]}}