{"id":533,"date":"2025-09-15T10:46:58","date_gmt":"2025-09-15T10:46:58","guid":{"rendered":"https:\/\/www.wjlsteelsupplier.com\/?post_type=product&#038;p=533"},"modified":"2025-09-20T02:00:48","modified_gmt":"2025-09-20T02:00:48","slug":"galvalume-steel-sheets","status":"publish","type":"product","link":"https:\/\/www.wjlsteelsupplier.com\/de\/produkt\/galvalume-steel-sheets\/","title":{"rendered":"Galvalume Stahlbleche Gro\u00dfhandel - Bulk Supply f\u00fcr Bau-, Verarbeitungs- und architektonische Anwendungen"},"content":{"rendered":"<h2 class=\"wp-block-heading\">Merkmale von Galvalume-Stahlblechen<\/h2>\n\n\n\n<ul class=\"wp-block-list\">\n<li><strong>Hervorragende Haltbarkeit und Festigkeit:<\/strong> Galvalume-Stahlbleche behalten ihre ausgezeichnete strukturelle Integrit\u00e4t auch unter Druck, schweren Lasten und extremen Umweltbedingungen. Seine Langlebigkeit macht es zu einer idealen Wahl f\u00fcr D\u00e4cher, Verkleidungen und industrielle Bauprojekte.<\/li>\n\n\n\n<li><strong>Hervorragendes W\u00e4rme- und UV-Reflexionsverm\u00f6gen:<\/strong> Galvalume-Stahlbleche Die reflektierende Oberfl\u00e4che des Geb\u00e4udes kann die W\u00e4rmeaufnahme minimieren, die Energieeffizienz verbessern und die K\u00fchlkosten senken.<\/li>\n\n\n\n<li><strong>Wirtschaftlich effizient: <\/strong>Aufgrund ihrer langen Lebensdauer und ihres geringen Wartungsbedarfs sind Galvalume-Stahlbleche eine wirtschaftliche Wahl f\u00fcr gro\u00dfe Bau- und Produktionsanforderungen.<\/li>\n\n\n\n<li><strong>Vielf\u00e4ltige Anwendungen und Anpassungen: <\/strong>Diese Platten k\u00f6nnen in verschiedenen Gr\u00f6\u00dfen, Dicken und Oberfl\u00e4chen angepasst werden, um unterschiedlichen Projektanforderungen gerecht zu werden.<\/li>\n<\/ul>","protected":false},"excerpt":{"rendered":"<p>Galvalume-Stahlbleche sind hochwertiger, korrosionsbest\u00e4ndiger beschichteter Stahl, der f\u00fcr hervorragende Leistungen in den Bereichen D\u00e4cher, Verkleidungen, Wandpaneele und industrielle Fertigung entwickelt wurde. Unsere Galvalume Stahlbleche f\u00fcr den Gro\u00dfhandel bieten Anpassungsm\u00f6glichkeiten, einschlie\u00dflich kundenspezifischer Gr\u00f6\u00dfen, Dicken und Oberfl\u00e4chenbehandlungen, um Ihre spezifischen Projektanforderungen zu erf\u00fcllen. Bauunternehmen, Hersteller und Metallverarbeiter sind herzlich eingeladen, sich mit uns in Verbindung zu setzen.<\/p>\n<p><script src=\"chrome-extension:\/\/fpelahbljekknahkcaegamhcndkfpfnc\/iFrame.js\" type=\"text\/javascript\"><\/script><\/p>","protected":false},"featured_media":534,"comment_status":"closed","ping_status":"closed","template":"","meta":{"_acf_changed":false},"product_brand":[],"product_cat":[22,54],"product_tag":[],"class_list":{"0":"post-533","1":"product","2":"type-product","3":"status-publish","4":"has-post-thumbnail","6":"product_cat-galvalume-steel","7":"product_cat-galvalume-steel-sheets","9":"first","10":"instock","11":"shipping-taxable","12":"product-type-simple"},"acf":[],"_links":{"self":[{"href":"https:\/\/www.wjlsteelsupplier.com\/de\/wp-json\/wp\/v2\/product\/533","targetHints":{"allow":["GET"]}}],"collection":[{"href":"https:\/\/www.wjlsteelsupplier.com\/de\/wp-json\/wp\/v2\/product"}],"about":[{"href":"https:\/\/www.wjlsteelsupplier.com\/de\/wp-json\/wp\/v2\/types\/product"}],"replies":[{"embeddable":true,"href":"https:\/\/www.wjlsteelsupplier.com\/de\/wp-json\/wp\/v2\/comments?post=533"}],"wp:featuredmedia":[{"embeddable":true,"href":"https:\/\/www.wjlsteelsupplier.com\/de\/wp-json\/wp\/v2\/media\/534"}],"wp:attachment":[{"href":"https:\/\/www.wjlsteelsupplier.com\/de\/wp-json\/wp\/v2\/media?parent=533"}],"wp:term":[{"taxonomy":"product_brand","embeddable":true,"href":"https:\/\/www.wjlsteelsupplier.com\/de\/wp-json\/wp\/v2\/product_brand?post=533"},{"taxonomy":"product_cat","embeddable":true,"href":"https:\/\/www.wjlsteelsupplier.com\/de\/wp-json\/wp\/v2\/product_cat?post=533"},{"taxonomy":"product_tag","embeddable":true,"href":"https:\/\/www.wjlsteelsupplier.com\/de\/wp-json\/wp\/v2\/product_tag?post=533"}],"curies":[{"name":"wp","href":"https:\/\/api.w.org\/{rel}","templated":true}]}}