{"id":529,"date":"2025-09-14T23:53:14","date_gmt":"2025-09-14T23:53:14","guid":{"rendered":"https:\/\/www.wjlsteelsupplier.com\/?post_type=product&#038;p=529"},"modified":"2025-09-15T10:46:05","modified_gmt":"2025-09-15T10:46:05","slug":"galvalume-steel-coils","status":"publish","type":"product","link":"https:\/\/www.wjlsteelsupplier.com\/de\/produkt\/galvalume-steel-coils\/","title":{"rendered":"Galvalume Steel Coils Gro\u00dfhandel, Hochwertige Bulk Supply von vertrauensw\u00fcrdigen Hersteller"},"content":{"rendered":"<h2 class=\"wp-block-heading\">Merkmale von Galvalume Steel Coils<\/h2>\n\n\n\n<ul class=\"wp-block-list\">\n<li><strong>Ausgezeichnete Korrosionsbest\u00e4ndigkeit: <\/strong>Die Oberfl\u00e4che von Galvalume Steel Coils ist mit einer Legierung aus 55% Aluminium, 43,4% Zink und 1,6% Silizium beschichtet, die eine hervorragende Rost- und Oxidationsbarriere bildet; sie ist zwei- bis viermal h\u00f6her als bei normalem verzinktem Stahl, was sie zur idealen Wahl f\u00fcr Au\u00dfend\u00e4cher, Wandverkleidungen und industrielle Anwendungen macht.<\/li>\n\n\n\n<li><strong>Ausgezeichnete Hitze- und Wetterbest\u00e4ndigkeit: <\/strong>Der Aluminiumgehalt erh\u00f6ht die Widerstandsf\u00e4higkeit von Galvalume Steel Coils gegen\u00fcber hohen Temperaturen und ultravioletter Strahlung, wodurch sie f\u00fcr den Einsatz in tropischen, k\u00fcstennahen oder trockenen Umgebungen geeignet sind.<\/li>\n\n\n\n<li><strong>Verbessert die Haltbarkeit und mechanische Festigkeit:<\/strong> Die Zink-Aluminium-Beschichtung sch\u00fctzt nicht nur den Grundstahl, sondern erh\u00f6ht auch seine Zugfestigkeit und Schlagz\u00e4higkeit. Sie h\u00e4lt Biege-, Umform- und Stanzvorg\u00e4ngen stand, ohne zu rei\u00dfen oder abzubl\u00e4ttern, und ist daher ideal f\u00fcr die Verwendung in Bauplatten, Automobilteilen und Haushaltsger\u00e4ten.<\/li>\n\n\n\n<li><strong>Zuverl\u00e4ssige Lieferung und Anpassungsm\u00f6glichkeiten:<\/strong> Als vertrauensw\u00fcrdiger Gro\u00dfhandelslieferant von Galvalume Steel Coils bieten wir eine konsequente Qualit\u00e4tskontrolle, flexible Coilbreiten und -dicken sowie kundenspezifische Oberfl\u00e4chenbehandlungen, um Ihre genauen Spezifikationen zu erf\u00fcllen.<\/li>\n<\/ul>","protected":false},"excerpt":{"rendered":"<p>Galvalume Steel Coils haben eine ausgezeichnete Festigkeit, Formbarkeit und Witterungsbest\u00e4ndigkeit, die einen zuverl\u00e4ssigen Betrieb auch in extremen Umgebungen wie K\u00fcsten-, Tropen- oder Trockengebieten gew\u00e4hrleisten. Sie sind die ideale Wahl f\u00fcr D\u00e4cher, Wandpaneele, Haushaltsger\u00e4te und landwirtschaftliche Geb\u00e4ude. Wir freuen uns \u00fcber die Kontaktaufnahme von Herstellern und H\u00e4ndlern aus aller Welt.<\/p>\n<p>\n<script src=\"chrome-extension:\/\/fpelahbljekknahkcaegamhcndkfpfnc\/iFrame.js\" type=\"text\/javascript\"><\/script><\/p>","protected":false},"featured_media":532,"comment_status":"closed","ping_status":"closed","template":"","meta":{"_acf_changed":false},"product_brand":[],"product_cat":[22,53],"product_tag":[],"class_list":{"0":"post-529","1":"product","2":"type-product","3":"status-publish","4":"has-post-thumbnail","6":"product_cat-galvalume-steel","7":"product_cat-galvalume-steel-coils","9":"first","10":"instock","11":"shipping-taxable","12":"product-type-simple"},"acf":[],"_links":{"self":[{"href":"https:\/\/www.wjlsteelsupplier.com\/de\/wp-json\/wp\/v2\/product\/529","targetHints":{"allow":["GET"]}}],"collection":[{"href":"https:\/\/www.wjlsteelsupplier.com\/de\/wp-json\/wp\/v2\/product"}],"about":[{"href":"https:\/\/www.wjlsteelsupplier.com\/de\/wp-json\/wp\/v2\/types\/product"}],"replies":[{"embeddable":true,"href":"https:\/\/www.wjlsteelsupplier.com\/de\/wp-json\/wp\/v2\/comments?post=529"}],"wp:featuredmedia":[{"embeddable":true,"href":"https:\/\/www.wjlsteelsupplier.com\/de\/wp-json\/wp\/v2\/media\/532"}],"wp:attachment":[{"href":"https:\/\/www.wjlsteelsupplier.com\/de\/wp-json\/wp\/v2\/media?parent=529"}],"wp:term":[{"taxonomy":"product_brand","embeddable":true,"href":"https:\/\/www.wjlsteelsupplier.com\/de\/wp-json\/wp\/v2\/product_brand?post=529"},{"taxonomy":"product_cat","embeddable":true,"href":"https:\/\/www.wjlsteelsupplier.com\/de\/wp-json\/wp\/v2\/product_cat?post=529"},{"taxonomy":"product_tag","embeddable":true,"href":"https:\/\/www.wjlsteelsupplier.com\/de\/wp-json\/wp\/v2\/product_tag?post=529"}],"curies":[{"name":"wp","href":"https:\/\/api.w.org\/{rel}","templated":true}]}}