{"id":527,"date":"2025-09-14T23:32:08","date_gmt":"2025-09-14T23:32:08","guid":{"rendered":"https:\/\/www.wjlsteelsupplier.com\/?post_type=product&#038;p=527"},"modified":"2025-09-14T23:48:12","modified_gmt":"2025-09-14T23:48:12","slug":"stainless-steel-strips","status":"publish","type":"product","link":"https:\/\/www.wjlsteelsupplier.com\/de\/produkt\/stainless-steel-strips\/","title":{"rendered":"Edelstahl-Streifen Gro\u00dfhandel, Bulk Precision-Cut Steel Strips Lieferant - 210,304,316 Grade"},"content":{"rendered":"<h2 class=\"wp-block-heading\">Merkmale von Edelstahlb\u00e4ndern<\/h2>\n\n\n\n<p><strong>Hervorragende Korrosionsbest\u00e4ndigkeit: <\/strong>Die Oberfl\u00e4che von Edelstahlb\u00e4ndern kann eine selbstheilende passive Oxidschicht bilden. Selbst in feuchten oder schwach sauren Umgebungen kann diese Oxidschicht als starke Barriere dienen.<br><br><strong>Pr\u00e4zisionsschnitt f\u00fcr Konsistenz:<\/strong> Als professioneller Lieferant von rostfreiem Stahl garantieren wir eine gleichbleibende Dicke und Breite \u00fcber die gesamte Produktserie. Diese Pr\u00e4zision sorgt daf\u00fcr, dass Hersteller B\u00e4nder nahtlos in automatisierte Fertigungsprozesse integrieren k\u00f6nnen.<br><strong><br>Ausgezeichnete Oberfl\u00e4cheng\u00fcte<\/strong>: Exquisite Oberfl\u00e4chen verbessern nicht nur die \u00c4sthetik, sondern verringern auch die Reibung beim Gie\u00dfen, Stanzen oder Schwei\u00dfen. Daher eignen sie sich hervorragend f\u00fcr sichtbare Komponenten wie Fahrzeuginnenr\u00e4ume, Haushaltsger\u00e4te, Geb\u00e4udedekorationen, K\u00fcchenger\u00e4te und dekorative Beschl\u00e4ge.<\/p>\n\n\n\n<p><strong>Gro\u00dfe Auswahl an Sorten<\/strong>: <\/p>\n\n\n\n<ul class=\"wp-block-list\">\n<li>Edelstahl der G\u00fcteklasse 210 ist eine wirtschaftliche und zuverl\u00e4ssige Wahl f\u00fcr Innenanwendungen oder Umgebungen mit geringer Korrosivit\u00e4t, die Wirtschaftlichkeit und Festigkeit miteinander verbindet.<\/li>\n\n\n\n<li>Edelstahl der G\u00fcteklasse 304 gilt weithin als Industriestandard und zeichnet sich durch hervorragende Korrosionsbest\u00e4ndigkeit, Formbarkeit und Kosteneffizienz aus.<\/li>\n\n\n\n<li>Edelstahl 316 mit zugesetztem Molybd\u00e4n bietet den h\u00f6chsten Korrosionsschutz und ist die bevorzugte Wahl f\u00fcr Anwendungen in der Schifffahrt, in der chemischen Industrie und im Freien, bei denen ein Kontakt mit Meerwasser oder reizenden Chemikalien zu erwarten ist.<\/li>\n<\/ul>\n\n\n\n<p><strong>Vorteilhafte Preisgestaltung: <\/strong>Als Gro\u00dflieferant von rostfreiem Stahl bieten wir \u00e4u\u00dferst wettbewerbsf\u00e4hige Preise. Mit einem zuverl\u00e4ssigen Lagerbestand und flexiblen Bestellmengen sind wir in der Lage, den Bedarf von kleinen Unternehmen, mittelst\u00e4ndischen Herstellern und Gro\u00dfunternehmen zu decken.<\/p>","protected":false},"excerpt":{"rendered":"<p data-pm-slice=\"0 0 []\">Edelstahlband f\u00fcr den Gro\u00dfhandel wird mit hochpr\u00e4ziser Schneidetechnik hergestellt, um eine gleichm\u00e4\u00dfige Dicke, glatte Kanten und zuverl\u00e4ssige Leistung zu gew\u00e4hrleisten. Wir bieten drei Sorten: 210, 304 und 316, geeignet f\u00fcr verschiedene Anwendungen. Wir sind ein Lieferant von rostfreiem Stahlband aus China und bieten Direktpreise, flexible Bestellmengen und Anpassungsm\u00f6glichkeiten. Bitte kontaktieren Sie uns.<\/p>\n<p>\n<script src=\"chrome-extension:\/\/fpelahbljekknahkcaegamhcndkfpfnc\/iFrame.js\" type=\"text\/javascript\"><\/script><\/p>","protected":false},"featured_media":528,"comment_status":"closed","ping_status":"closed","template":"","meta":{"_acf_changed":false},"product_brand":[],"product_cat":[25,42],"product_tag":[],"class_list":{"0":"post-527","1":"product","2":"type-product","3":"status-publish","4":"has-post-thumbnail","6":"product_cat-stainless-steel","7":"product_cat-stainless-steel-strips","9":"first","10":"instock","11":"shipping-taxable","12":"product-type-simple"},"acf":[],"_links":{"self":[{"href":"https:\/\/www.wjlsteelsupplier.com\/de\/wp-json\/wp\/v2\/product\/527","targetHints":{"allow":["GET"]}}],"collection":[{"href":"https:\/\/www.wjlsteelsupplier.com\/de\/wp-json\/wp\/v2\/product"}],"about":[{"href":"https:\/\/www.wjlsteelsupplier.com\/de\/wp-json\/wp\/v2\/types\/product"}],"replies":[{"embeddable":true,"href":"https:\/\/www.wjlsteelsupplier.com\/de\/wp-json\/wp\/v2\/comments?post=527"}],"wp:featuredmedia":[{"embeddable":true,"href":"https:\/\/www.wjlsteelsupplier.com\/de\/wp-json\/wp\/v2\/media\/528"}],"wp:attachment":[{"href":"https:\/\/www.wjlsteelsupplier.com\/de\/wp-json\/wp\/v2\/media?parent=527"}],"wp:term":[{"taxonomy":"product_brand","embeddable":true,"href":"https:\/\/www.wjlsteelsupplier.com\/de\/wp-json\/wp\/v2\/product_brand?post=527"},{"taxonomy":"product_cat","embeddable":true,"href":"https:\/\/www.wjlsteelsupplier.com\/de\/wp-json\/wp\/v2\/product_cat?post=527"},{"taxonomy":"product_tag","embeddable":true,"href":"https:\/\/www.wjlsteelsupplier.com\/de\/wp-json\/wp\/v2\/product_tag?post=527"}],"curies":[{"name":"wp","href":"https:\/\/api.w.org\/{rel}","templated":true}]}}