{"id":521,"date":"2025-09-13T10:36:39","date_gmt":"2025-09-13T10:36:39","guid":{"rendered":"https:\/\/www.wjlsteelsupplier.com\/?post_type=product&#038;p=521"},"modified":"2025-09-17T02:38:19","modified_gmt":"2025-09-17T02:38:19","slug":"stainless-steel-sheets","status":"publish","type":"product","link":"https:\/\/www.wjlsteelsupplier.com\/de\/produkt\/stainless-steel-sheets\/","title":{"rendered":"Edelstahlbleche Gro\u00dfhandel - 210, 304, 316 Grade"},"content":{"rendered":"<h2 class=\"wp-block-heading\">Merkmale von kaltgewalzten Stahlblechen<\/h2>\n\n\n\n<ul class=\"wp-block-list\">\n<li><strong>Ausgezeichnete Korrosionsbest\u00e4ndigkeit: <\/strong>Stahlbleche der G\u00fcteklassen 304 und 316 k\u00f6nnen Rost, Oxidation und chemischer Korrosion in verschiedenen Umgebungen widerstehen. Bleche aus molybd\u00e4nhaltigem 316er Stahl bieten einen hervorragenden Schutz und sind die ideale Wahl f\u00fcr verschiedene raue Anwendungen.<\/li>\n\n\n\n<li><strong>Glatte und gleichm\u00e4\u00dfige Oberfl\u00e4chenbehandlung:<\/strong> Edelstahlbleche werden einer glatten und gleichm\u00e4\u00dfigen Oberfl\u00e4chenbehandlung unterzogen, wodurch sie sich ideal f\u00fcr Anwendungen eignen, bei denen das Erscheinungsbild im Vordergrund steht, wie z. B. Baupaneele, dekorative Fassaden und Elemente der Innenraumgestaltung.<\/li>\n\n\n\n<li><strong>Hygiene und geringe Wartungskosten: <\/strong>Die Edelstahloberfl\u00e4che ist glatt, nicht por\u00f6s und leicht zu reinigen und zu desinfizieren. Er nimmt keine Chemikalien oder Bakterien auf, weshalb er zum bevorzugten Material f\u00fcr Anwendungen in der Lebensmittel- und Medizinbranche geworden ist, bei denen es auf Sauberkeit ankommt.<\/li>\n\n\n\n<li><strong>Wiederverwertbarkeit: <\/strong>Edelstahl ist ein 100% recycelbares Material und eine umweltfreundliche Wahl.<\/li>\n<\/ul>","protected":false},"excerpt":{"rendered":"<p>Gro\u00dfhandel mit Blechen aus rostfreiem Stahl. Edelstahlbleche des Typs 304 und 316 bieten Widerstand gegen Rost, Oxidation und chemische Korrosion. Die Edelstahlsorte 316 ist mit Molybd\u00e4n angereichert und bietet eine verbesserte Leistung in rauen Umgebungen. Wir bieten Gro\u00dflieferungen an, also kontaktieren Sie uns f\u00fcr ein Angebot.<\/p>\n<p>\n<script src=\"chrome-extension:\/\/fpelahbljekknahkcaegamhcndkfpfnc\/iFrame.js\" type=\"text\/javascript\"><\/script><\/p>","protected":false},"featured_media":522,"comment_status":"closed","ping_status":"closed","template":"","meta":{"_acf_changed":false},"product_brand":[],"product_cat":[25,43],"product_tag":[],"class_list":{"0":"post-521","1":"product","2":"type-product","3":"status-publish","4":"has-post-thumbnail","6":"product_cat-stainless-steel","7":"product_cat-stainless-steel-sheets","9":"first","10":"instock","11":"shipping-taxable","12":"product-type-simple"},"acf":[],"_links":{"self":[{"href":"https:\/\/www.wjlsteelsupplier.com\/de\/wp-json\/wp\/v2\/product\/521","targetHints":{"allow":["GET"]}}],"collection":[{"href":"https:\/\/www.wjlsteelsupplier.com\/de\/wp-json\/wp\/v2\/product"}],"about":[{"href":"https:\/\/www.wjlsteelsupplier.com\/de\/wp-json\/wp\/v2\/types\/product"}],"replies":[{"embeddable":true,"href":"https:\/\/www.wjlsteelsupplier.com\/de\/wp-json\/wp\/v2\/comments?post=521"}],"wp:featuredmedia":[{"embeddable":true,"href":"https:\/\/www.wjlsteelsupplier.com\/de\/wp-json\/wp\/v2\/media\/522"}],"wp:attachment":[{"href":"https:\/\/www.wjlsteelsupplier.com\/de\/wp-json\/wp\/v2\/media?parent=521"}],"wp:term":[{"taxonomy":"product_brand","embeddable":true,"href":"https:\/\/www.wjlsteelsupplier.com\/de\/wp-json\/wp\/v2\/product_brand?post=521"},{"taxonomy":"product_cat","embeddable":true,"href":"https:\/\/www.wjlsteelsupplier.com\/de\/wp-json\/wp\/v2\/product_cat?post=521"},{"taxonomy":"product_tag","embeddable":true,"href":"https:\/\/www.wjlsteelsupplier.com\/de\/wp-json\/wp\/v2\/product_tag?post=521"}],"curies":[{"name":"wp","href":"https:\/\/api.w.org\/{rel}","templated":true}]}}