{"id":516,"date":"2025-09-13T09:28:13","date_gmt":"2025-09-13T09:28:13","guid":{"rendered":"https:\/\/www.wjlsteelsupplier.com\/?post_type=product&#038;p=516"},"modified":"2025-09-13T09:58:01","modified_gmt":"2025-09-13T09:58:01","slug":"hot-rolled-pickled-and-oiled-steel-strips","status":"publish","type":"product","link":"https:\/\/www.wjlsteelsupplier.com\/de\/produkt\/hot-rolled-pickled-and-oiled-steel-strips\/","title":{"rendered":"Warmgewalzte gebeizte und ge\u00f6lte Stahlb\u00e4nder Gro\u00dfhandel"},"content":{"rendered":"<h2 class=\"wp-block-heading\">Eigenschaften von warmgewalztem, gebeiztem und ge\u00f6ltem Stahlband<\/h2>\n\n\n\n<ul class=\"wp-block-list\">\n<li><strong>Reduzieren Sie das Risiko von Oberfl\u00e4chenfehlern:<\/strong> HRPO-Stahlband kann eine einheitliche und konsistente Oberfl\u00e4che ohne Defekte oder Schwachstellen bieten. Dadurch verringert sich das Risiko von Rissen, Blasen oder ungleichm\u00e4\u00dfiger Beschichtung bei nachfolgenden Fertigungsprozessen.<\/li>\n\n\n\n<li><strong>Ma\u00dfhaltigkeit und Konsistenz:<\/strong> Die Dicken-, Breiten- und L\u00e4ngentoleranzen unseres HRPO-Stahlbandes sind sehr eng, und diese Konsistenz ist f\u00fcr gro\u00df angelegte Produktions- und Montageprozesse entscheidend.<\/li>\n\n\n\n<li><strong>Verbesserung der Effizienz beim Schneiden und Umformen: <\/strong>Durch die Beseitigung von Oberfl\u00e4chenunregelm\u00e4\u00dfigkeiten lassen sich sauberere, schnellere und pr\u00e4zisere Schneide-, Stanz- und Umformvorg\u00e4nge erzielen, wodurch sich die Produktionszeit und der Werkzeugverschlei\u00df verringern.<\/li>\n\n\n\n<li><strong>L\u00e4ngere Lagerf\u00e4higkeit und Korrosionsschutz:<\/strong> Die nach dem Beizen aufgetragene \u00d6lschutzschicht kann das Stahlband vor Feuchtigkeit und Umwelteinfl\u00fcssen sch\u00fctzen und so das Risiko des Rostens oder der Oberfl\u00e4chenalterung bei Lagerung und Transport verringern.<\/li>\n<\/ul>","protected":false},"excerpt":{"rendered":"<p>Warmgewalztes, gebeiztes und ge\u00f6ltes Stahlband hat eine glatte und saubere Oberfl\u00e4che, eine hervorragende Formbarkeit, gleichm\u00e4\u00dfige Abmessungen und Korrosionsbest\u00e4ndigkeit. Dieses Produkt ist eine ideale Wahl f\u00fcr die Automobilindustrie, das Baugewerbe, den Maschinenbau, die Rohrleitungsproduktion und die allgemeine Fertigung und bietet kosteng\u00fcnstige und zuverl\u00e4ssige Produkte f\u00fcr verschiedene industrielle Anwendungen. Wir bieten Gro\u00dflieferungen an. Bitte kontaktieren Sie uns.<\/p>\n<p>\n<script src=\"chrome-extension:\/\/fpelahbljekknahkcaegamhcndkfpfnc\/iFrame.js\" type=\"text\/javascript\"><\/script><\/p>","protected":false},"featured_media":517,"comment_status":"closed","ping_status":"closed","template":"","meta":{"_acf_changed":false},"product_brand":[],"product_cat":[26,38],"product_tag":[],"class_list":{"0":"post-516","1":"product","2":"type-product","3":"status-publish","4":"has-post-thumbnail","6":"product_cat-hot-rolled-pickled-and-oiled-steel","7":"product_cat-hot-rolled-pickled-and-oiled-steel-strips","9":"first","10":"instock","11":"shipping-taxable","12":"product-type-simple"},"acf":[],"_links":{"self":[{"href":"https:\/\/www.wjlsteelsupplier.com\/de\/wp-json\/wp\/v2\/product\/516","targetHints":{"allow":["GET"]}}],"collection":[{"href":"https:\/\/www.wjlsteelsupplier.com\/de\/wp-json\/wp\/v2\/product"}],"about":[{"href":"https:\/\/www.wjlsteelsupplier.com\/de\/wp-json\/wp\/v2\/types\/product"}],"replies":[{"embeddable":true,"href":"https:\/\/www.wjlsteelsupplier.com\/de\/wp-json\/wp\/v2\/comments?post=516"}],"wp:featuredmedia":[{"embeddable":true,"href":"https:\/\/www.wjlsteelsupplier.com\/de\/wp-json\/wp\/v2\/media\/517"}],"wp:attachment":[{"href":"https:\/\/www.wjlsteelsupplier.com\/de\/wp-json\/wp\/v2\/media?parent=516"}],"wp:term":[{"taxonomy":"product_brand","embeddable":true,"href":"https:\/\/www.wjlsteelsupplier.com\/de\/wp-json\/wp\/v2\/product_brand?post=516"},{"taxonomy":"product_cat","embeddable":true,"href":"https:\/\/www.wjlsteelsupplier.com\/de\/wp-json\/wp\/v2\/product_cat?post=516"},{"taxonomy":"product_tag","embeddable":true,"href":"https:\/\/www.wjlsteelsupplier.com\/de\/wp-json\/wp\/v2\/product_tag?post=516"}],"curies":[{"name":"wp","href":"https:\/\/api.w.org\/{rel}","templated":true}]}}