{"id":511,"date":"2025-09-13T07:20:50","date_gmt":"2025-09-13T07:20:50","guid":{"rendered":"https:\/\/www.wjlsteelsupplier.com\/?post_type=product&#038;p=511"},"modified":"2025-09-13T08:08:58","modified_gmt":"2025-09-13T08:08:58","slug":"hot-rolled-pickled-and-oiled-steel-sheets","status":"publish","type":"product","link":"https:\/\/www.wjlsteelsupplier.com\/de\/produkt\/hot-rolled-pickled-and-oiled-steel-sheets\/","title":{"rendered":"Warmgewalzte gebeizte und ge\u00f6lte Stahlbleche Gro\u00dfhandel (HPRO Stahlbleche)"},"content":{"rendered":"<h2 class=\"wp-block-heading\">Eigenschaften von warmgewalzten, gebeizten und ge\u00f6lten Stahlblechen<\/h2>\n\n\n\n<ul class=\"wp-block-list\">\n<li><strong>Saubere, zunderfreie Blechoberfl\u00e4che: <\/strong>Beim Beizen wird der Oxidzunder durch ein S\u00e4urebad entfernt, wodurch die Oberfl\u00e4che des Stahlblechs glatt und gleichm\u00e4\u00dfig und sauberer als bei unbehandelten warmgewalzten Stahlblechen wird. Dies gew\u00e4hrleistet die Haftung von Farbe, Verzinkung oder Pulverbeschichtung und minimiert Oberfl\u00e4chenfehler im fertigen Produkt so weit wie m\u00f6glich.<\/li>\n\n\n\n<li><strong>Hervorragende Verformbarkeit f\u00fcr die Blechbearbeitung: <\/strong>Im Vergleich zu unbehandelten warmgewalzten Stahlblechen sind HRPO-Stahlbleche anf\u00e4lliger f\u00fcr das Biegen, Stanzen, Lochen oder Tiefziehen, da der abrasive Oxidbelag auf ihrer Oberfl\u00e4che entfernt wurde.<\/li>\n\n\n\n<li><strong>Gleichbleibende Dicke und mechanische Festigkeit:<\/strong> HRPO-Stahlbleche weisen die typische Festigkeit, Duktilit\u00e4t und Z\u00e4higkeit von warmgewalzten Stahlblechen auf, wobei die Dicke des gesamten Blechs gleichm\u00e4\u00dfig bleibt. Diese Gleichm\u00e4\u00dfigkeit gew\u00e4hrleistet eine vorhersehbare Leistung, und die Hersteller k\u00f6nnen HRPO-Stahlbleche bedenkenlos f\u00fcr Bauteile verwenden, die mechanischen Belastungen standhalten m\u00fcssen.<\/li>\n\n\n\n<li><strong>Wirtschaftliche Alternative zu kaltgewalzten Stahlplatten: <\/strong>Kaltgewalzte Stahlbleche haben zwar eine glattere Oberfl\u00e4che, sind aber auch teurer. HRPO-Stahlblech schlie\u00dft die L\u00fccke zwischen unbehandeltem warmgewalztem Stahlblech und kaltgewalztem Stahlblech, mit einer saubereren Oberfl\u00e4che, besserer Verarbeitungsleistung und einem g\u00fcnstigeren Preis.<\/li>\n\n\n\n<li><strong>Globale Exporterfahrung: <\/strong>Als professioneller Stahllieferant verf\u00fcgen wir \u00fcber reiche globale Exporterfahrung, kennen die internationalen Normen und k\u00f6nnen Stahl liefern, der die SGS-, ISO- oder ASTM-Zertifizierung erf\u00fcllt.<\/li>\n<\/ul>","protected":false},"excerpt":{"rendered":"<p>Die Oberfl\u00e4che von HRPO-Stahlblech ist sauber und frei von Oxidzunder, wodurch es sich sehr gut zum Lackieren, Verzinken oder Pulverbeschichten eignet und sich hervorragend verformen l\u00e4sst. Es kann zum Biegen, Stanzen oder Tiefziehen verwendet werden. Sie weisen eine gleichm\u00e4\u00dfige Dicke und eine zuverl\u00e4ssige mechanische Festigkeit auf, was sie zu einer wirtschaftlichen Alternative zu kaltgewalzten Stahlblechen macht. Unsere HRPO-Stahlbleche entsprechen den SGS-, ISO- und ASTM-Normen und verf\u00fcgen \u00fcber umfangreiche weltweite Exporterfahrung. Wir freuen uns, wenn Sie sich mit uns in Verbindung setzen, egal ob Hersteller oder H\u00e4ndler.<\/p>\n<p>\n<script src=\"chrome-extension:\/\/fpelahbljekknahkcaegamhcndkfpfnc\/iFrame.js\" type=\"text\/javascript\"><\/script><\/p>","protected":false},"featured_media":512,"comment_status":"closed","ping_status":"closed","template":"","meta":{"_acf_changed":false},"product_brand":[],"product_cat":[26,36],"product_tag":[],"class_list":{"0":"post-511","1":"product","2":"type-product","3":"status-publish","4":"has-post-thumbnail","6":"product_cat-hot-rolled-pickled-and-oiled-steel","7":"product_cat-hot-rolled-pickled-and-oiled-steel-sheets","9":"first","10":"instock","11":"shipping-taxable","12":"product-type-simple"},"acf":[],"_links":{"self":[{"href":"https:\/\/www.wjlsteelsupplier.com\/de\/wp-json\/wp\/v2\/product\/511","targetHints":{"allow":["GET"]}}],"collection":[{"href":"https:\/\/www.wjlsteelsupplier.com\/de\/wp-json\/wp\/v2\/product"}],"about":[{"href":"https:\/\/www.wjlsteelsupplier.com\/de\/wp-json\/wp\/v2\/types\/product"}],"replies":[{"embeddable":true,"href":"https:\/\/www.wjlsteelsupplier.com\/de\/wp-json\/wp\/v2\/comments?post=511"}],"wp:featuredmedia":[{"embeddable":true,"href":"https:\/\/www.wjlsteelsupplier.com\/de\/wp-json\/wp\/v2\/media\/512"}],"wp:attachment":[{"href":"https:\/\/www.wjlsteelsupplier.com\/de\/wp-json\/wp\/v2\/media?parent=511"}],"wp:term":[{"taxonomy":"product_brand","embeddable":true,"href":"https:\/\/www.wjlsteelsupplier.com\/de\/wp-json\/wp\/v2\/product_brand?post=511"},{"taxonomy":"product_cat","embeddable":true,"href":"https:\/\/www.wjlsteelsupplier.com\/de\/wp-json\/wp\/v2\/product_cat?post=511"},{"taxonomy":"product_tag","embeddable":true,"href":"https:\/\/www.wjlsteelsupplier.com\/de\/wp-json\/wp\/v2\/product_tag?post=511"}],"curies":[{"name":"wp","href":"https:\/\/api.w.org\/{rel}","templated":true}]}}