{"id":508,"date":"2025-09-13T06:52:07","date_gmt":"2025-09-13T06:52:07","guid":{"rendered":"https:\/\/www.wjlsteelsupplier.com\/?post_type=product&#038;p=508"},"modified":"2025-09-13T07:20:05","modified_gmt":"2025-09-13T07:20:05","slug":"hot-rolled-pickled-and-oiled-steel-coils","status":"publish","type":"product","link":"https:\/\/www.wjlsteelsupplier.com\/de\/produkt\/hot-rolled-pickled-and-oiled-steel-coils\/","title":{"rendered":"Warmgewalzte gebeizte und ge\u00f6lte Stahlspulen Gro\u00dfhandel, Bulk HRPO Steel Supply"},"content":{"rendered":"<h2 class=\"wp-block-heading\">Eigenschaften von warmgewalztem, gebeiztem und ge\u00f6ltem Stahl<\/h2>\n\n\n\n<ul class=\"wp-block-list\">\n<li><strong>Glatte, zunderfreie Oberfl\u00e4che:<\/strong> W\u00e4hrend des Warmwalzens bildet sich auf der Stahloberfl\u00e4che ein rauer Oxidbelag. Beim Beizen wird der Oxidzunder durch ein S\u00e4urebad entfernt, wodurch die Oberfl\u00e4che des Stahls glatt und sauber wird. Bei der anschlie\u00dfenden \u00d6lbeschichtung bildet sich auf der Stahloberfl\u00e4che eine d\u00fcnne Schutz\u00f6lschicht, die das Rosten verhindert. Im Vergleich zu unbehandeltem warmgewalztem Stahl kann das \u00d6lbeschichtungsverfahren bessere Oberfl\u00e4cheneffekte erzielen, so dass sich der Stahl leichter lackieren, beschichten oder weiterverarbeiten l\u00e4sst.<\/li>\n\n\n\n<li><strong>Kosteneffiziente Alternative zu kaltgewalztem Stahl: <\/strong>HRPO-Stahl Die Oberfl\u00e4che ist sauberer und leichter zu bearbeiten als bei gew\u00f6hnlichem warmgewalztem Stahl, aber die Kosten sind niedriger als bei kaltgewalztem Stahl. Wenn hochwertige Oberfl\u00e4chen erforderlich sind, man aber nicht zu viel Geld f\u00fcr das Kaltwalzen ausgeben m\u00f6chte, ist HRPO die ideale Wahl.<\/li>\n\n\n\n<li><strong>Die Multifunktionalit\u00e4t der Sekund\u00e4rverarbeitung:<\/strong> Die saubere Oberfl\u00e4che und die stabilen mechanischen Eigenschaften machen HRPO-Stahl zu einem hervorragenden Substrat f\u00fcr die Galvanisierung, Lackierung, Pulverbeschichtung oder Weiterverarbeitung.<\/li>\n\n\n\n<li><strong>Verbessert die Schwei\u00dfbarkeit: <\/strong>Die Entfernung von Oberfl\u00e4chenverunreinigungen macht HRPO-Stahl sicherer und einfacher zu schwei\u00dfen. Es gibt weniger Verunreinigungen, die die Integrit\u00e4t des Schwei\u00dfens beeintr\u00e4chtigen, was zu st\u00e4rkeren und zuverl\u00e4ssigeren Verbindungen f\u00fchrt und den Bedarf an Vorreinigung verringert.<\/li>\n\n\n\n<li><strong>Korrosionsbest\u00e4ndigkeit: <\/strong>Das \u00d6lbeschichtungsverfahren bildet eine d\u00fcnne Schutzschicht auf der Stahloberfl\u00e4che, die Feuchtigkeit und Umwelteinfl\u00fcsse abh\u00e4lt und so das Rosten und die Oxidation des Stahls w\u00e4hrend der Lagerung und des Transports verhindert. Dies ist besonders vorteilhaft f\u00fcr Projekte, bei denen der Stahl der \u00e4u\u00dferen Umgebung ausgesetzt sein kann<\/li>\n\n\n\n<li><strong>Vielseitige Anwendungen: <\/strong>HRPO-Stahl zeichnet sich durch eine hervorragende Verarbeitbarkeit, Oberfl\u00e4chenqualit\u00e4t und Korrosionsbest\u00e4ndigkeit aus und ist daher in verschiedenen Branchen sehr beliebt. Er wird h\u00e4ufig in der mechanischen Fertigung und im Baugewerbe verwendet.<\/li>\n<\/ul>","protected":false},"excerpt":{"rendered":"<p>HRPO-Stahl wurde einer S\u00e4urebeizung und einer sch\u00fctzenden \u00d6lbeschichtung unterzogen, wodurch eine glatte und sauerstofffreie Oberfl\u00e4che entsteht, die sich leichter lackieren, spritzen und verarbeiten l\u00e4sst. Er ist eine wirtschaftliche und effiziente Alternative zu kaltgewalztem Stahl mit hervorragender Schwei\u00dfbarkeit und Korrosionsbest\u00e4ndigkeit und eignet sich zum Verzinken oder Pulverbeschichten. HRPO-Stahl ist vielseitig und langlebig und wird in der mechanischen Fertigung, im Bauwesen und in anderen Industriebereichen eingesetzt.<\/p>\n<p>\n<script src=\"chrome-extension:\/\/fpelahbljekknahkcaegamhcndkfpfnc\/iFrame.js\" type=\"text\/javascript\"><\/script><\/p>","protected":false},"featured_media":510,"comment_status":"closed","ping_status":"closed","template":"","meta":{"_acf_changed":false},"product_brand":[],"product_cat":[26,35],"product_tag":[],"class_list":{"0":"post-508","1":"product","2":"type-product","3":"status-publish","4":"has-post-thumbnail","6":"product_cat-hot-rolled-pickled-and-oiled-steel","7":"product_cat-hot-rolled-pickled-and-oiled-steel-coils","9":"first","10":"instock","11":"shipping-taxable","12":"product-type-simple"},"acf":[],"_links":{"self":[{"href":"https:\/\/www.wjlsteelsupplier.com\/de\/wp-json\/wp\/v2\/product\/508","targetHints":{"allow":["GET"]}}],"collection":[{"href":"https:\/\/www.wjlsteelsupplier.com\/de\/wp-json\/wp\/v2\/product"}],"about":[{"href":"https:\/\/www.wjlsteelsupplier.com\/de\/wp-json\/wp\/v2\/types\/product"}],"replies":[{"embeddable":true,"href":"https:\/\/www.wjlsteelsupplier.com\/de\/wp-json\/wp\/v2\/comments?post=508"}],"wp:featuredmedia":[{"embeddable":true,"href":"https:\/\/www.wjlsteelsupplier.com\/de\/wp-json\/wp\/v2\/media\/510"}],"wp:attachment":[{"href":"https:\/\/www.wjlsteelsupplier.com\/de\/wp-json\/wp\/v2\/media?parent=508"}],"wp:term":[{"taxonomy":"product_brand","embeddable":true,"href":"https:\/\/www.wjlsteelsupplier.com\/de\/wp-json\/wp\/v2\/product_brand?post=508"},{"taxonomy":"product_cat","embeddable":true,"href":"https:\/\/www.wjlsteelsupplier.com\/de\/wp-json\/wp\/v2\/product_cat?post=508"},{"taxonomy":"product_tag","embeddable":true,"href":"https:\/\/www.wjlsteelsupplier.com\/de\/wp-json\/wp\/v2\/product_tag?post=508"}],"curies":[{"name":"wp","href":"https:\/\/api.w.org\/{rel}","templated":true}]}}