{"id":505,"date":"2025-09-13T06:35:04","date_gmt":"2025-09-13T06:35:04","guid":{"rendered":"https:\/\/www.wjlsteelsupplier.com\/?post_type=product&#038;p=505"},"modified":"2025-09-20T01:28:38","modified_gmt":"2025-09-20T01:28:38","slug":"hot-rolled-steel-strips","status":"publish","type":"product","link":"https:\/\/www.wjlsteelsupplier.com\/de\/produkt\/hot-rolled-steel-strips\/","title":{"rendered":"Warmgewalzte Stahlb\u00e4nder Gro\u00dfhandel"},"content":{"rendered":"<h2 class=\"wp-block-heading\">Merkmale von warmgewalzten Stahlb\u00e4ndern<\/h2>\n\n\n\n<ul class=\"wp-block-list\">\n<li><strong>Hohe Festigkeit und Z\u00e4higkeit:<\/strong> Warmgewalzter Stahl wird bei hohen Temperaturen hergestellt und weist eine feine innere Struktur sowie eine ausgezeichnete Festigkeit und Schlagz\u00e4higkeit auf. Nach dem Schneiden in Streifen bleiben diese Eigenschaften erhalten, so dass jeder Stahl ohne Beeintr\u00e4chtigung seiner strukturellen Integrit\u00e4t Biege-, Schwei\u00df- oder Umformvorg\u00e4ngen standhalten kann.<\/li>\n\n\n\n<li><strong>Effizientes Schneiden und Flexibilit\u00e4t bei den Abmessungen:<\/strong> Als professioneller Lieferant sind wir in der Lage, B\u00e4nder in verschiedenen Breiten entsprechend den spezifischen Projektanforderungen zu schneiden. Hersteller und Verarbeiter k\u00f6nnen ma\u00dfgeschneiderte Bandma\u00dfe f\u00fcr Rohre oder Baumaterialien erhalten, wodurch der Abfall reduziert und die Produktionseffizienz verbessert wird.<\/li>\n\n\n\n<li><strong>Breite Anwendungsszenarien: <\/strong>Warmgewalzte Stahlb\u00e4nder finden breite Anwendung im Bauwesen und in der Infrastruktur, im Rohrleitungsbau, im Maschinenbau und in anderen Bereichen.<\/li>\n\n\n\n<li><strong>Starke Produktionskapazit\u00e4t: <\/strong>Wir verf\u00fcgen \u00fcber starke Produktionskapazit\u00e4ten, um eine stabile Versorgung mit warmgewalzten Stahlblechen zu gew\u00e4hrleisten. Die Lieferanten sind in der Lage, gro\u00dfe Auftragsmengen schnell abzuwickeln, so dass der Projektfortschritt nicht verz\u00f6gert wird.<\/li>\n<\/ul>","protected":false},"excerpt":{"rendered":"<p>Unsere warmgewalzten Stahlb\u00e4nder sind langlebig, kosteneffizient und vielseitig und lassen sich mit zuverl\u00e4ssiger Festigkeit pr\u00e4zise in individuelle Breiten schneiden. Diese Stahlb\u00e4nder eignen sich hervorragend zum Schwei\u00dfen, Umformen oder Beschichten und gew\u00e4hrleisten einen effizienten Betrieb Ihres Projekts und minimieren den Materialabfall so weit wie m\u00f6glich. Wir freuen uns, wenn H\u00e4ndler und Hersteller aus aller Welt mit uns Kontakt aufnehmen.<\/p>\n<p><script src=\"chrome-extension:\/\/fpelahbljekknahkcaegamhcndkfpfnc\/iFrame.js\" type=\"text\/javascript\"><\/script><\/p>","protected":false},"featured_media":506,"comment_status":"closed","ping_status":"closed","template":"","meta":{"_acf_changed":false},"product_brand":[],"product_cat":[27,40],"product_tag":[],"class_list":{"0":"post-505","1":"product","2":"type-product","3":"status-publish","4":"has-post-thumbnail","6":"product_cat-hot-rolled-steel","7":"product_cat-hot-rolled-steel-strips","9":"first","10":"instock","11":"shipping-taxable","12":"product-type-simple"},"acf":[],"_links":{"self":[{"href":"https:\/\/www.wjlsteelsupplier.com\/de\/wp-json\/wp\/v2\/product\/505","targetHints":{"allow":["GET"]}}],"collection":[{"href":"https:\/\/www.wjlsteelsupplier.com\/de\/wp-json\/wp\/v2\/product"}],"about":[{"href":"https:\/\/www.wjlsteelsupplier.com\/de\/wp-json\/wp\/v2\/types\/product"}],"replies":[{"embeddable":true,"href":"https:\/\/www.wjlsteelsupplier.com\/de\/wp-json\/wp\/v2\/comments?post=505"}],"wp:featuredmedia":[{"embeddable":true,"href":"https:\/\/www.wjlsteelsupplier.com\/de\/wp-json\/wp\/v2\/media\/506"}],"wp:attachment":[{"href":"https:\/\/www.wjlsteelsupplier.com\/de\/wp-json\/wp\/v2\/media?parent=505"}],"wp:term":[{"taxonomy":"product_brand","embeddable":true,"href":"https:\/\/www.wjlsteelsupplier.com\/de\/wp-json\/wp\/v2\/product_brand?post=505"},{"taxonomy":"product_cat","embeddable":true,"href":"https:\/\/www.wjlsteelsupplier.com\/de\/wp-json\/wp\/v2\/product_cat?post=505"},{"taxonomy":"product_tag","embeddable":true,"href":"https:\/\/www.wjlsteelsupplier.com\/de\/wp-json\/wp\/v2\/product_tag?post=505"}],"curies":[{"name":"wp","href":"https:\/\/api.w.org\/{rel}","templated":true}]}}