{"id":502,"date":"2025-09-13T06:11:39","date_gmt":"2025-09-13T06:11:39","guid":{"rendered":"https:\/\/www.wjlsteelsupplier.com\/?post_type=product&#038;p=502"},"modified":"2025-09-13T06:24:40","modified_gmt":"2025-09-13T06:24:40","slug":"hot-rolled-steel-sheets","status":"publish","type":"product","link":"https:\/\/www.wjlsteelsupplier.com\/de\/produkt\/hot-rolled-steel-sheets\/","title":{"rendered":"Warmgewalzte Stahlbleche Gro\u00dfhandel, Professional Factory Supply"},"content":{"rendered":"<p> <\/p>\n\n\n\n<h2 class=\"wp-block-heading\">Eigenschaften von warmgewalzten Stahlblechen<\/h2>\n\n\n\n<ul class=\"wp-block-list\">\n<li><strong>Hohe Festigkeit und Haltbarkeit: <\/strong>Das Warmwalzverfahren verbessert die Festigkeit und die strukturelle Integrit\u00e4t von Stahlblechen und verleiht ihnen eine hervorragende Biege-, Verformungs- und Bruchfestigkeit unter schweren Lasten.<\/li>\n\n\n\n<li><strong>Flexibel und verformbar: <\/strong>Obwohl warmgewalzte Stahlbleche eine hohe Festigkeit aufweisen, sind sie dennoch gut verformbar und lassen sich leicht biegen, umformen oder zu verschiedenen Bauteilen verarbeiten, ohne zu brechen.<\/li>\n\n\n\n<li><strong>Die Oberfl\u00e4che eignet sich zum Schwei\u00dfen und zur Herstellung: <\/strong>Obwohl die Oberfl\u00e4che von warmgewalztem Stahlblech etwas rauer ist als die von kaltgewalztem Stahlblech, eignet sich diese Textur sehr gut zum Schwei\u00dfen, Schneiden und Bearbeiten. Seine Oberfl\u00e4cheneigenschaften gew\u00e4hrleisten eine starke Haftung bei der Verbindung mit anderen Metallen.<\/li>\n\n\n\n<li><strong>Ausgezeichnete Leistung bei hohen Temperaturen:<\/strong> Warmgewalzte Stahlbleche behalten ihre Form, Festigkeit und Eigenschaften auch bei hohen Temperaturen bei. Dadurch eignen sie sich sehr gut f\u00fcr Anwendungen, die eine hohe Temperaturbest\u00e4ndigkeit erfordern, wie z. B. Kessel, \u00d6fen, Fahrzeugrahmen und schwere Maschinenteile.<\/li>\n\n\n\n<li><strong>Kosteng\u00fcnstige und wettbewerbsf\u00e4hige Preise: <\/strong>Unser Werk verf\u00fcgt \u00fcber gro\u00dfe Produktionsanlagen und fortschrittliche Fertigungsverfahren, die es uns erm\u00f6glichen, warmgewalzte Stahlbleche zu \u00e4u\u00dferst wettbewerbsf\u00e4higen Preisen anzubieten und so die Gesamtbeschaffungskosten f\u00fcr Hersteller und Bauunternehmen zu senken.<\/li>\n\n\n\n<li><strong>Professionelle Anpassungsdienste:<\/strong> Als professioneller chinesischer Anbieter von warmgewalztem Stahl bieten wir kundenspezifische Dienstleistungen an, einschlie\u00dflich Zuschnitt, Oberfl\u00e4chenbehandlung und Coilverpackung. Dies hilft den K\u00e4ufern, zus\u00e4tzliche Verarbeitungskosten zu reduzieren und stellt sicher, dass die Stahlplatten sofort f\u00fcr die Produktion oder Fertigung verwendet werden k\u00f6nnen.<\/li>\n<\/ul>","protected":false},"excerpt":{"rendered":"<p>Hochwertige warmgewalzte Stahlbleche von f\u00fchrenden chinesischen Herstellern. Wir bieten verschiedene Gr\u00f6\u00dfen und Dicken an. Die zuverl\u00e4ssige und p\u00fcnktliche Lieferung ist eine ideale Wahl f\u00fcr Bau-, Industrie- und Fertigungsprojekte. Wir hei\u00dfen H\u00e4ndler und Hersteller aus aller Welt willkommen, mit uns Kontakt aufzunehmen.<\/p>\n<p>\n<script src=\"chrome-extension:\/\/fpelahbljekknahkcaegamhcndkfpfnc\/iFrame.js\" type=\"text\/javascript\"><\/script><\/p>","protected":false},"featured_media":503,"comment_status":"closed","ping_status":"closed","template":"","meta":{"_acf_changed":false},"product_brand":[],"product_cat":[27,33],"product_tag":[],"class_list":{"0":"post-502","1":"product","2":"type-product","3":"status-publish","4":"has-post-thumbnail","6":"product_cat-hot-rolled-steel","7":"product_cat-hot-rolled-steel-sheets","9":"first","10":"instock","11":"shipping-taxable","12":"product-type-simple"},"acf":[],"_links":{"self":[{"href":"https:\/\/www.wjlsteelsupplier.com\/de\/wp-json\/wp\/v2\/product\/502","targetHints":{"allow":["GET"]}}],"collection":[{"href":"https:\/\/www.wjlsteelsupplier.com\/de\/wp-json\/wp\/v2\/product"}],"about":[{"href":"https:\/\/www.wjlsteelsupplier.com\/de\/wp-json\/wp\/v2\/types\/product"}],"replies":[{"embeddable":true,"href":"https:\/\/www.wjlsteelsupplier.com\/de\/wp-json\/wp\/v2\/comments?post=502"}],"wp:featuredmedia":[{"embeddable":true,"href":"https:\/\/www.wjlsteelsupplier.com\/de\/wp-json\/wp\/v2\/media\/503"}],"wp:attachment":[{"href":"https:\/\/www.wjlsteelsupplier.com\/de\/wp-json\/wp\/v2\/media?parent=502"}],"wp:term":[{"taxonomy":"product_brand","embeddable":true,"href":"https:\/\/www.wjlsteelsupplier.com\/de\/wp-json\/wp\/v2\/product_brand?post=502"},{"taxonomy":"product_cat","embeddable":true,"href":"https:\/\/www.wjlsteelsupplier.com\/de\/wp-json\/wp\/v2\/product_cat?post=502"},{"taxonomy":"product_tag","embeddable":true,"href":"https:\/\/www.wjlsteelsupplier.com\/de\/wp-json\/wp\/v2\/product_tag?post=502"}],"curies":[{"name":"wp","href":"https:\/\/api.w.org\/{rel}","templated":true}]}}