{"id":499,"date":"2025-09-13T03:39:46","date_gmt":"2025-09-13T03:39:46","guid":{"rendered":"https:\/\/www.wjlsteelsupplier.com\/?post_type=product&#038;p=499"},"modified":"2025-09-13T04:19:48","modified_gmt":"2025-09-13T04:19:48","slug":"hot-rolled-steel-plates","status":"publish","type":"product","link":"https:\/\/www.wjlsteelsupplier.com\/de\/produkt\/hot-rolled-steel-plates\/","title":{"rendered":"Warmgewalzte Stahlbleche Gro\u00dfhandel - Langlebige, hochfeste Bleche f\u00fcr Industrie-, Bau- und Fertigungsanwendungen"},"content":{"rendered":"<h2 class=\"wp-block-heading\">Eigenschaften von warmgewalzten Stahlblechen<\/h2>\n\n\n\n<ul class=\"wp-block-list\">\n<li><strong>Ausgezeichnete Festigkeit und Haltbarkeit: <\/strong>Unsere warmgewalzten Stahlbleche werden mit Hilfe einer pr\u00e4zisen Temperatursteuerungstechnologie hergestellt und zeichnen sich durch eine hervorragende mechanische Festigkeit und strukturelle Stabilit\u00e4t aus. Sie sind extrem widerstandsf\u00e4hig gegen Biegung, Rissbildung oder Verformung unter schweren Lasten und eignen sich daher sehr gut f\u00fcr Anwendungen im Bauwesen, in der Industrie und im Schwermaschinenbau, bei denen es auf Langlebigkeit und Zuverl\u00e4ssigkeit ankommt.<\/li>\n\n\n\n<li><strong>Multi-Funktionalit\u00e4t und breite Anwendung:<\/strong> Warmgewalzter Stahl vereint Festigkeit, Haltbarkeit und Formbarkeit, was ihn \u00e4u\u00dferst vielseitig macht. Er kann in fast jeder Situation verwendet werden, in der keine Ma\u00dfgenauigkeit erforderlich ist.<\/li>\n\n\n\n<li><strong>Wirtschaftlich effiziente Gro\u00dflieferung:<\/strong> Die Gro\u00dfbeschaffung hilft Herstellern, Verarbeitern und Bauunternehmen, ihre Materialkosten zu senken. Wir verf\u00fcgen \u00fcber ausreichende Lagerbest\u00e4nde, um sicherzustellen, dass die Produktion unserer Kunden nicht beeintr\u00e4chtigt wird.<\/li>\n\n\n\n<li><strong>Hochwertige Oberfl\u00e4che: <\/strong>Trotz des Warmwalzverfahrens erhalten unsere Stahlbleche eine glatte und gleichm\u00e4\u00dfige Oberfl\u00e4che mit minimalem Oxidzunder. Diese hochwertige Oberfl\u00e4chenbehandlung gew\u00e4hrleistet eine hervorragende Umformbarkeit und erleichtert die Weiterverarbeitung.<\/li>\n\n\n\n<li><strong>Rechtzeitige Lieferung:<\/strong> Wir sind bestrebt, eine stabile und zuverl\u00e4ssige Versorgung mit warmgewalzten Stahlblechen zu gew\u00e4hrleisten. Unsere fortschrittlichen Produktions- und Logistikkapazit\u00e4ten gew\u00e4hrleisten eine termingerechte Lieferung, helfen den Kunden, einen reibungslosen Betrieb aufrechtzuerhalten, sorgen f\u00fcr einen rechtzeitigen Abschluss von Projekten und vermeiden erhebliche Verz\u00f6gerungen.<\/li>\n<\/ul>","protected":false},"excerpt":{"rendered":"<p>Gro\u00dfhandel mit warmgewalzten Stahlplatten mit ausgezeichneter Festigkeit, Haltbarkeit und Vielseitigkeit. Wir bieten verschiedene Dicken und Gr\u00f6\u00dfen an, die internationalen Qualit\u00e4tsstandards entsprechen und strengen mechanischen Leistungs- und Zuverl\u00e4ssigkeitstests unterzogen werden. Unser Lagerbestand erm\u00f6glicht eine stabile Versorgung und bietet kosteng\u00fcnstige Massenl\u00f6sungen f\u00fcr Unternehmen, die hochwertigen und zuverl\u00e4ssigen Stahl suchen.<\/p>\n<p>\n<script src=\"chrome-extension:\/\/fpelahbljekknahkcaegamhcndkfpfnc\/iFrame.js\" type=\"text\/javascript\"><\/script><\/p>","protected":false},"featured_media":500,"comment_status":"closed","ping_status":"closed","template":"","meta":{"_acf_changed":false},"product_brand":[],"product_cat":[27,34],"product_tag":[],"class_list":{"0":"post-499","1":"product","2":"type-product","3":"status-publish","4":"has-post-thumbnail","6":"product_cat-hot-rolled-steel","7":"product_cat-hot-rolled-steel-plates","9":"first","10":"instock","11":"shipping-taxable","12":"product-type-simple"},"acf":[],"_links":{"self":[{"href":"https:\/\/www.wjlsteelsupplier.com\/de\/wp-json\/wp\/v2\/product\/499","targetHints":{"allow":["GET"]}}],"collection":[{"href":"https:\/\/www.wjlsteelsupplier.com\/de\/wp-json\/wp\/v2\/product"}],"about":[{"href":"https:\/\/www.wjlsteelsupplier.com\/de\/wp-json\/wp\/v2\/types\/product"}],"replies":[{"embeddable":true,"href":"https:\/\/www.wjlsteelsupplier.com\/de\/wp-json\/wp\/v2\/comments?post=499"}],"wp:featuredmedia":[{"embeddable":true,"href":"https:\/\/www.wjlsteelsupplier.com\/de\/wp-json\/wp\/v2\/media\/500"}],"wp:attachment":[{"href":"https:\/\/www.wjlsteelsupplier.com\/de\/wp-json\/wp\/v2\/media?parent=499"}],"wp:term":[{"taxonomy":"product_brand","embeddable":true,"href":"https:\/\/www.wjlsteelsupplier.com\/de\/wp-json\/wp\/v2\/product_brand?post=499"},{"taxonomy":"product_cat","embeddable":true,"href":"https:\/\/www.wjlsteelsupplier.com\/de\/wp-json\/wp\/v2\/product_cat?post=499"},{"taxonomy":"product_tag","embeddable":true,"href":"https:\/\/www.wjlsteelsupplier.com\/de\/wp-json\/wp\/v2\/product_tag?post=499"}],"curies":[{"name":"wp","href":"https:\/\/api.w.org\/{rel}","templated":true}]}}