{"id":496,"date":"2025-09-13T02:35:22","date_gmt":"2025-09-13T02:35:22","guid":{"rendered":"https:\/\/www.wjlsteelsupplier.com\/?post_type=product&#038;p=496"},"modified":"2025-09-13T06:29:07","modified_gmt":"2025-09-13T06:29:07","slug":"hot-rolled-steel-coils","status":"publish","type":"product","link":"https:\/\/www.wjlsteelsupplier.com\/de\/produkt\/hot-rolled-steel-coils\/","title":{"rendered":"Warmgewalzte Stahlspulen Gro\u00dfhandel - Professional Warmgewalzte Stahlspule Fabrik aus China"},"content":{"rendered":"<h2 class=\"wp-block-heading\">Merkmale von warmgewalzten Stahlcoils<\/h2>\n\n\n\n<ul class=\"wp-block-list\">\n<li><strong>Wirtschaftliche Effizienz: <\/strong>F\u00fcr Projekte, die keine strengen Toleranzen und glatte Oberfl\u00e4chen erfordern, ist das Warmwalzverfahren eine kosteng\u00fcnstigere Wahl.<\/li>\n\n\n\n<li><strong>Gro\u00dfes Inventar:<\/strong> Durch den Gro\u00dfhandel mit warmgewalzten Stahlcoils helfen wir Unternehmen, gro\u00dfe Mengen zu \u00e4u\u00dferst wettbewerbsf\u00e4higen Preisen einzukaufen. Die Bereitstellung einer stabilen Lieferkette ist eine wirtschaftliche Wahl f\u00fcr industrielle Gro\u00dfprojekte.<\/li>\n\n\n\n<li><strong>Weit verbreitet: <\/strong>Unsere warmgewalzten Stahlcoils sind vielseitig und f\u00fcr verschiedene Branchen und Anwendungen geeignet. Diese Stahlcoils k\u00f6nnen geschnitten, gebogen, geschwei\u00dft und geformt werden.<\/li>\n\n\n\n<li><strong>Entspricht den Industriestandards: <\/strong>Unsere warmgewalzten Stahlcoils werden streng nach internationalen Qualit\u00e4tsstandards wie ASTM, EN und JIS hergestellt. Jedes warmgewalzte Stahlband wird einer strengen Qualit\u00e4tskontrolle unterzogen.<\/li>\n<\/ul>","protected":false},"excerpt":{"rendered":"<p>Gro\u00dfhandel mit warmgewalzten Stahlcoils. Wir bieten wettbewerbsf\u00e4hige Preise und gew\u00e4hrleisten hohe Qualit\u00e4t. Geeignet f\u00fcr Unternehmen, die hochfesten und kosteng\u00fcnstigen Stahl in gro\u00dfen Mengen beschaffen wollen.<\/p>\n<p>\n<script src=\"chrome-extension:\/\/fpelahbljekknahkcaegamhcndkfpfnc\/iFrame.js\" type=\"text\/javascript\"><\/script><\/p>","protected":false},"featured_media":497,"comment_status":"closed","ping_status":"closed","template":"","meta":{"_acf_changed":false},"product_brand":[],"product_cat":[27,32],"product_tag":[],"class_list":{"0":"post-496","1":"product","2":"type-product","3":"status-publish","4":"has-post-thumbnail","6":"product_cat-hot-rolled-steel","7":"product_cat-hot-rolled-steel-coils","9":"first","10":"instock","11":"shipping-taxable","12":"product-type-simple"},"acf":[],"_links":{"self":[{"href":"https:\/\/www.wjlsteelsupplier.com\/de\/wp-json\/wp\/v2\/product\/496","targetHints":{"allow":["GET"]}}],"collection":[{"href":"https:\/\/www.wjlsteelsupplier.com\/de\/wp-json\/wp\/v2\/product"}],"about":[{"href":"https:\/\/www.wjlsteelsupplier.com\/de\/wp-json\/wp\/v2\/types\/product"}],"replies":[{"embeddable":true,"href":"https:\/\/www.wjlsteelsupplier.com\/de\/wp-json\/wp\/v2\/comments?post=496"}],"wp:featuredmedia":[{"embeddable":true,"href":"https:\/\/www.wjlsteelsupplier.com\/de\/wp-json\/wp\/v2\/media\/497"}],"wp:attachment":[{"href":"https:\/\/www.wjlsteelsupplier.com\/de\/wp-json\/wp\/v2\/media?parent=496"}],"wp:term":[{"taxonomy":"product_brand","embeddable":true,"href":"https:\/\/www.wjlsteelsupplier.com\/de\/wp-json\/wp\/v2\/product_brand?post=496"},{"taxonomy":"product_cat","embeddable":true,"href":"https:\/\/www.wjlsteelsupplier.com\/de\/wp-json\/wp\/v2\/product_cat?post=496"},{"taxonomy":"product_tag","embeddable":true,"href":"https:\/\/www.wjlsteelsupplier.com\/de\/wp-json\/wp\/v2\/product_tag?post=496"}],"curies":[{"name":"wp","href":"https:\/\/api.w.org\/{rel}","templated":true}]}}