{"id":493,"date":"2025-09-13T02:01:21","date_gmt":"2025-09-13T02:01:21","guid":{"rendered":"https:\/\/www.wjlsteelsupplier.com\/?post_type=product&#038;p=493"},"modified":"2025-09-13T06:28:53","modified_gmt":"2025-09-13T06:28:53","slug":"cold-rolled-steel-strips","status":"publish","type":"product","link":"https:\/\/www.wjlsteelsupplier.com\/de\/produkt\/cold-rolled-steel-strips\/","title":{"rendered":"Kaltgewalztes Stahlband Gro\u00dfhandel, anpassbare Breite und Dicke"},"content":{"rendered":"<h2 class=\"wp-block-heading\">Merkmale von kaltgewalztem Stahlband<\/h2>\n\n\n\n<ul class=\"wp-block-list\">\n<li><strong>Hochwertiger Stahl: <\/strong>Wir liefern hochwertige kaltgewalzte Stahlb\u00e4nder mit gleichbleibender Zusammensetzung und einheitlicher Leistung. Unser Stahl unterliegt einer strengen Qualit\u00e4tskontrolle, um eine ausgezeichnete Festigkeit, H\u00e4rte und Oberfl\u00e4cheng\u00fcte zu gew\u00e4hrleisten.<\/li>\n\n\n\n<li><strong>Multifunktionale Anwendungen f\u00fcr verschiedene Branchen: <\/strong>Kaltgewalztes Stahlband zeichnet sich durch hervorragende Eigenschaften in Bezug auf Festigkeit, Aussehen und Ma\u00dfhaltigkeit aus und eignet sich daher f\u00fcr verschiedene Endanwendungen. Kaltgewalztes Stahlband ist das bevorzugte Material f\u00fcr viele Industriezweige, darunter die Automobilindustrie, das Baugewerbe, Haushaltsger\u00e4te, Metallm\u00f6bel, elektrische Geh\u00e4use und Pr\u00e4zisionswerkzeuge.<\/li>\n\n\n\n<li><strong>Strenge Ma\u00dfhaltigkeit:<\/strong> Als professioneller Lieferant von kaltgewalztem Stahl haben wir die Breite und Dicke von kaltgewalzten Stahlb\u00e4ndern kundenspezifisch angepasst und eine hohe Ma\u00dfgenauigkeit sichergestellt. Konsistente Abmessungen gew\u00e4hrleisten eine reibungslose Integration in automatisierte Prozesse und Montagesysteme.<\/li>\n\n\n\n<li><strong>Zuverl\u00e4ssige Versorgung und schnelle Lieferung:<\/strong> Wir verf\u00fcgen \u00fcber einen ausreichenden Lagerbestand und rationalisierte Produktionsprozesse, um die rechtzeitige Lieferung von Gro\u00dfauftr\u00e4gen zu gew\u00e4hrleisten.<\/li>\n\n\n\n<li><strong>Zuverl\u00e4ssiger globaler Lieferant: <\/strong>Wir beliefern Kunden in aller Welt mit kaltgewalzten Stahlb\u00e4ndern, die sich durch zuverl\u00e4ssige Qualit\u00e4t und Konsistenz auszeichnen. Wir halten uns an internationale Normen und bieten die erforderlichen Zertifizierungen, damit Sie die Anforderungen des lokalen Marktes erf\u00fcllen k\u00f6nnen.<\/li>\n<\/ul>","protected":false},"excerpt":{"rendered":"<p>Unsere kaltgewalzten Stahlb\u00e4nder f\u00fcr den Gro\u00dfhandel werden aus hochwertigem Stahl mit ausgezeichneter Festigkeit, H\u00e4rte und Oberfl\u00e4chenqualit\u00e4t hergestellt. Stahlb\u00e4nder haben geringe Ma\u00dftoleranzen, hohe Ebenheit, glatte und fehlerfreie Oberfl\u00e4chen, was sie zu einer idealen Wahl f\u00fcr die Fertigungsindustrie macht. Als Direktlieferant der Fabrik bieten wir wettbewerbsf\u00e4hige Preise, zuverl\u00e4ssige Gro\u00dflieferungen und schnelle Lieferungen. Wir freuen uns, wenn H\u00e4ndler und Hersteller aus aller Welt mit uns Kontakt aufnehmen.<\/p>\n<p>\n<script src=\"chrome-extension:\/\/fpelahbljekknahkcaegamhcndkfpfnc\/iFrame.js\" type=\"text\/javascript\"><\/script><\/p>","protected":false},"featured_media":494,"comment_status":"closed","ping_status":"closed","template":"","meta":{"_acf_changed":false},"product_brand":[],"product_cat":[19,39],"product_tag":[],"class_list":{"0":"post-493","1":"product","2":"type-product","3":"status-publish","4":"has-post-thumbnail","6":"product_cat-cold-rolled-steel","7":"product_cat-cold-rolled-steel-strips","9":"first","10":"instock","11":"shipping-taxable","12":"product-type-simple"},"acf":[],"_links":{"self":[{"href":"https:\/\/www.wjlsteelsupplier.com\/de\/wp-json\/wp\/v2\/product\/493","targetHints":{"allow":["GET"]}}],"collection":[{"href":"https:\/\/www.wjlsteelsupplier.com\/de\/wp-json\/wp\/v2\/product"}],"about":[{"href":"https:\/\/www.wjlsteelsupplier.com\/de\/wp-json\/wp\/v2\/types\/product"}],"replies":[{"embeddable":true,"href":"https:\/\/www.wjlsteelsupplier.com\/de\/wp-json\/wp\/v2\/comments?post=493"}],"wp:featuredmedia":[{"embeddable":true,"href":"https:\/\/www.wjlsteelsupplier.com\/de\/wp-json\/wp\/v2\/media\/494"}],"wp:attachment":[{"href":"https:\/\/www.wjlsteelsupplier.com\/de\/wp-json\/wp\/v2\/media?parent=493"}],"wp:term":[{"taxonomy":"product_brand","embeddable":true,"href":"https:\/\/www.wjlsteelsupplier.com\/de\/wp-json\/wp\/v2\/product_brand?post=493"},{"taxonomy":"product_cat","embeddable":true,"href":"https:\/\/www.wjlsteelsupplier.com\/de\/wp-json\/wp\/v2\/product_cat?post=493"},{"taxonomy":"product_tag","embeddable":true,"href":"https:\/\/www.wjlsteelsupplier.com\/de\/wp-json\/wp\/v2\/product_tag?post=493"}],"curies":[{"name":"wp","href":"https:\/\/api.w.org\/{rel}","templated":true}]}}