{"id":490,"date":"2025-09-10T08:58:14","date_gmt":"2025-09-10T08:58:14","guid":{"rendered":"https:\/\/www.wjlsteelsupplier.com\/?post_type=product&#038;p=490"},"modified":"2026-01-20T01:14:10","modified_gmt":"2026-01-20T01:14:10","slug":"cold-rolled-steel-coils","status":"publish","type":"product","link":"https:\/\/www.wjlsteelsupplier.com\/de\/produkt\/cold-rolled-steel-coils\/","title":{"rendered":"Kaltgewalzte Stahlspulen SPCC, SPCD, SPCE, DC01, DC03, DC06"},"content":{"rendered":"<h2 class=\"wp-block-heading\">Merkmale von kaltgewalzten Stahlspulen<\/h2>\n\n\n<ul>\n<li><strong>Glatte Oberfl\u00e4che: <\/strong>Kaltgewalztes Stahlband zeichnet sich durch eine saubere, gl\u00e4nzende und glatte Oberfl\u00e4che aus und eignet sich daher f\u00fcr sichtbare Bauteile und dekorative Anwendungen.<\/li>\n<li><strong>Ausgezeichnete Formbarkeit: <\/strong>Kaltgewalzter Stahl weist eine au\u00dfergew\u00f6hnliche Dehnbarkeit auf und kann zu komplexen Formen gebogen, gestanzt oder tiefgezogen werden.<\/li>\n<li><strong>Gute Lackierbarkeit und Beschichtungseigenschaften: <\/strong>Kaltgewalzter Stahl l\u00e4sst sich leicht verzinken, lackieren und anderen Oberfl\u00e4chenbehandlungen unterziehen, was die Korrosionsbest\u00e4ndigkeit erh\u00f6ht und kundenspezifische Oberfl\u00e4chenbehandlungen erm\u00f6glicht, um unterschiedlichen Marktanforderungen gerecht zu werden.<\/li>\n<li><strong>Mehrere Klassenstufen: <\/strong>Weijun Steel Supplier liefert eine Vielzahl von international genormten G\u00fcten auf den Weltmarkt, darunter SPCC, SPCD, SPCE, DC01, DC03, DC06 und andere.<\/li>\n<li><strong>Konkurrenzf\u00e4hige Preisgestaltung:<\/strong> Weijunli beliefert Kunden in aller Welt mit zuverl\u00e4ssigen kaltgewalzten Stahlwerkstoffen; wir bieten wettbewerbsf\u00e4hige Preise und kosteng\u00fcnstige L\u00f6sungen.<\/li>\n<\/ul>\n\n\n<h2 class=\"wp-block-heading\">Anwendungen von kaltgewalzten Stahlb\u00e4ndern<\/h2>\n\n\n\n<div class=\"wp-block-columns is-layout-flex wp-container-core-columns-is-layout-9d6595d7 wp-block-columns-is-layout-flex\">\n<div class=\"wp-block-column is-layout-flow wp-block-column-is-layout-flow\"><div class=\"wp-block-image\">\n<figure class=\"aligncenter size-full\"><img decoding=\"async\" width=\"864\" height=\"1184\" src=\"https:\/\/www.wjlsteelsupplier.com\/wp-content\/uploads\/2025\/09\/door-handle.webp\" alt=\"\" class=\"wp-image-1498\" srcset=\"https:\/\/www.wjlsteelsupplier.com\/wp-content\/uploads\/2025\/09\/door-handle.webp 864w, https:\/\/www.wjlsteelsupplier.com\/wp-content\/uploads\/2025\/09\/door-handle-219x300.webp 219w, https:\/\/www.wjlsteelsupplier.com\/wp-content\/uploads\/2025\/09\/door-handle-768x1052.webp 768w, https:\/\/www.wjlsteelsupplier.com\/wp-content\/uploads\/2025\/09\/door-handle-9x12.webp 9w, https:\/\/www.wjlsteelsupplier.com\/wp-content\/uploads\/2025\/09\/door-handle-600x822.webp 600w\" sizes=\"(max-width: 864px) 100vw, 864px\" \/><figcaption class=\"wp-element-caption\">T\u00fcrklinke<\/figcaption><\/figure>\n<\/div><\/div>\n\n\n\n<div class=\"wp-block-column is-layout-flow wp-block-column-is-layout-flow\"><div class=\"wp-block-image\">\n<figure class=\"aligncenter size-full\"><img decoding=\"async\" width=\"864\" height=\"1184\" src=\"https:\/\/www.wjlsteelsupplier.com\/wp-content\/uploads\/2025\/09\/stationery-clip.webp\" alt=\"\" class=\"wp-image-1499\" srcset=\"https:\/\/www.wjlsteelsupplier.com\/wp-content\/uploads\/2025\/09\/stationery-clip.webp 864w, https:\/\/www.wjlsteelsupplier.com\/wp-content\/uploads\/2025\/09\/stationery-clip-219x300.webp 219w, https:\/\/www.wjlsteelsupplier.com\/wp-content\/uploads\/2025\/09\/stationery-clip-768x1052.webp 768w, https:\/\/www.wjlsteelsupplier.com\/wp-content\/uploads\/2025\/09\/stationery-clip-9x12.webp 9w, https:\/\/www.wjlsteelsupplier.com\/wp-content\/uploads\/2025\/09\/stationery-clip-600x822.webp 600w\" sizes=\"(max-width: 864px) 100vw, 864px\" \/><figcaption class=\"wp-element-caption\">Briefpapier-Clip<\/figcaption><\/figure>\n<\/div><\/div>\n<\/div>\n\n\n\n<p>Typische Anwendungen von kaltgewalztem Stahlband sind T\u00fcrgriffe, M\u00f6belbeschl\u00e4ge, B\u00fcroklammern, Halterungen, Scharniere und dekorative Beschl\u00e4ge.<\/p>\n\n\n\n<p>Gro\u00dfhandel mit kaltgewalzten Stahlb\u00e4ndern f\u00fcr Eink\u00e4ufer, die sich auf die Herstellung von kleinen Stahlkomponenten und Hardwareprodukten spezialisiert haben. Wir wissen, dass bei diesen Produkten Oberfl\u00e4chenqualit\u00e4t, Ma\u00dfgenauigkeit und Verarbeitungskonstanz entscheidend sind. Unser kaltgewalztes Stahlband arbeitet zuverl\u00e4ssig und bietet ein vorhersehbares Umformverhalten, eine hohe Ausbeute in der Massenproduktion und ein gleichm\u00e4\u00dfiges Erscheinungsbild \u00fcber alle Chargen hinweg, was das Qualit\u00e4tsrisiko reduziert und gleichzeitig eine effiziente und skalierbare Fertigung unterst\u00fctzt. <\/p>","protected":false},"excerpt":{"rendered":"<p>Weijunli bietet hochwertige kaltgewalzte Stahlcoils im Gro\u00dfhandel an. Kaltgewalzte Stahlcoils sind in den Sorten SPCC, SPCD, SPCE, DC01, DC03 und DC06 erh\u00e4ltlich. Kaltgewalzte Coils sind eine Art von Stahl, der bei Raumtemperatur gewalzt wird. Dieses Verfahren f\u00fchrt zu einer glatteren Oberfl\u00e4che, besserer Ma\u00dfhaltigkeit und h\u00f6herer Festigkeit.<\/p>\n<p><script src=\"chrome-extension:\/\/fpelahbljekknahkcaegamhcndkfpfnc\/iFrame.js\" type=\"text\/javascript\"><\/script><\/p>","protected":false},"featured_media":1491,"comment_status":"closed","ping_status":"closed","template":"","meta":{"_acf_changed":false},"product_brand":[],"product_cat":[19,29],"product_tag":[],"class_list":{"0":"post-490","1":"product","2":"type-product","3":"status-publish","4":"has-post-thumbnail","6":"product_cat-cold-rolled-steel","7":"product_cat-cold-rolled-steel-coils","9":"first","10":"instock","11":"shipping-taxable","12":"product-type-simple"},"acf":[],"_links":{"self":[{"href":"https:\/\/www.wjlsteelsupplier.com\/de\/wp-json\/wp\/v2\/product\/490","targetHints":{"allow":["GET"]}}],"collection":[{"href":"https:\/\/www.wjlsteelsupplier.com\/de\/wp-json\/wp\/v2\/product"}],"about":[{"href":"https:\/\/www.wjlsteelsupplier.com\/de\/wp-json\/wp\/v2\/types\/product"}],"replies":[{"embeddable":true,"href":"https:\/\/www.wjlsteelsupplier.com\/de\/wp-json\/wp\/v2\/comments?post=490"}],"wp:featuredmedia":[{"embeddable":true,"href":"https:\/\/www.wjlsteelsupplier.com\/de\/wp-json\/wp\/v2\/media\/1491"}],"wp:attachment":[{"href":"https:\/\/www.wjlsteelsupplier.com\/de\/wp-json\/wp\/v2\/media?parent=490"}],"wp:term":[{"taxonomy":"product_brand","embeddable":true,"href":"https:\/\/www.wjlsteelsupplier.com\/de\/wp-json\/wp\/v2\/product_brand?post=490"},{"taxonomy":"product_cat","embeddable":true,"href":"https:\/\/www.wjlsteelsupplier.com\/de\/wp-json\/wp\/v2\/product_cat?post=490"},{"taxonomy":"product_tag","embeddable":true,"href":"https:\/\/www.wjlsteelsupplier.com\/de\/wp-json\/wp\/v2\/product_tag?post=490"}],"curies":[{"name":"wp","href":"https:\/\/api.w.org\/{rel}","templated":true}]}}