{"id":455,"date":"2025-09-10T03:46:38","date_gmt":"2025-09-10T03:46:38","guid":{"rendered":"https:\/\/www.wjlsteelsupplier.com\/?post_type=product&#038;p=455"},"modified":"2025-09-13T01:48:08","modified_gmt":"2025-09-13T01:48:08","slug":"cold-rolled-steel-sheets","status":"publish","type":"product","link":"https:\/\/www.wjlsteelsupplier.com\/de\/produkt\/cold-rolled-steel-sheets\/","title":{"rendered":"Lieferung von kaltgewalzten Stahlblechen, zuverl\u00e4ssiger Gro\u00dfhandel und kundenspezifische Gr\u00f6\u00dfen"},"content":{"rendered":"<h2 class=\"wp-block-heading\">Eigenschaften von kaltgewalzten Blechen<\/h2>\n\n\n\n<ul class=\"wp-block-list\">\n<li><strong>Strenge Abmessungstoleranzen: <\/strong>Wir bieten hochpr\u00e4zise kaltgewalzte Stahlbleche mit gleichm\u00e4\u00dfiger Dicke und pr\u00e4zisen Abmessungen an, die den Materialabfall wirksam reduzieren und f\u00fcr Branchen geeignet sind, die strenge Spezifikationen erfordern.<\/li>\n\n\n\n<li><strong>Gute Verformbarkeit und Herstellbarkeit: <\/strong>Kaltgewalzte Stahlbleche haben eine h\u00f6here Festigkeit, lassen sich aber dennoch leicht biegen, formen, stanzen und schwei\u00dfen. Die Hersteller k\u00f6nnen Produkte mit komplexen Formen und hoher Konsistenz herstellen.<\/li>\n\n\n\n<li><strong>Vielf\u00e4ltig einsetzbar: <\/strong>Aufgrund der hohen Festigkeit, der glatten Oberfl\u00e4che und der pr\u00e4zisen Abmessungen werden kaltgewalzte Bleche h\u00e4ufig f\u00fcr Haushaltsger\u00e4te, M\u00f6bel, Schr\u00e4nke und Baumaterialien verwendet.<\/li>\n\n\n\n<li><strong>Wettbewerbsf\u00e4hige Preise:<\/strong> Mit ausgereiften Stahlproduktionsverfahren und gro\u00dfen Produktionskapazit\u00e4ten k\u00f6nnen wir wettbewerbsf\u00e4higere Preise als andere L\u00e4nder anbieten.<\/li>\n<\/ul>","protected":false},"excerpt":{"rendered":"<p>Gro\u00dfhandel mit hochwertigen kaltgewalzten Stahlblechen, zuverl\u00e4ssige Gro\u00dfhandelslieferung und flexible Anpassungsm\u00f6glichkeiten. Wir bieten verschiedene G\u00fcten, Dicken und Oberfl\u00e4chenbehandlungen an. Willkommen zu Gro\u00dfauftrag.<\/p>\n<p>\n<script src=\"chrome-extension:\/\/fpelahbljekknahkcaegamhcndkfpfnc\/iFrame.js\" type=\"text\/javascript\"><\/script><\/p>","protected":false},"featured_media":473,"comment_status":"closed","ping_status":"closed","template":"","meta":{"_acf_changed":false},"product_brand":[],"product_cat":[19,30],"product_tag":[],"class_list":{"0":"post-455","1":"product","2":"type-product","3":"status-publish","4":"has-post-thumbnail","6":"product_cat-cold-rolled-steel","7":"product_cat-cold-rolled-steel-sheets","9":"first","10":"instock","11":"shipping-taxable","12":"product-type-simple"},"acf":[],"_links":{"self":[{"href":"https:\/\/www.wjlsteelsupplier.com\/de\/wp-json\/wp\/v2\/product\/455","targetHints":{"allow":["GET"]}}],"collection":[{"href":"https:\/\/www.wjlsteelsupplier.com\/de\/wp-json\/wp\/v2\/product"}],"about":[{"href":"https:\/\/www.wjlsteelsupplier.com\/de\/wp-json\/wp\/v2\/types\/product"}],"replies":[{"embeddable":true,"href":"https:\/\/www.wjlsteelsupplier.com\/de\/wp-json\/wp\/v2\/comments?post=455"}],"wp:featuredmedia":[{"embeddable":true,"href":"https:\/\/www.wjlsteelsupplier.com\/de\/wp-json\/wp\/v2\/media\/473"}],"wp:attachment":[{"href":"https:\/\/www.wjlsteelsupplier.com\/de\/wp-json\/wp\/v2\/media?parent=455"}],"wp:term":[{"taxonomy":"product_brand","embeddable":true,"href":"https:\/\/www.wjlsteelsupplier.com\/de\/wp-json\/wp\/v2\/product_brand?post=455"},{"taxonomy":"product_cat","embeddable":true,"href":"https:\/\/www.wjlsteelsupplier.com\/de\/wp-json\/wp\/v2\/product_cat?post=455"},{"taxonomy":"product_tag","embeddable":true,"href":"https:\/\/www.wjlsteelsupplier.com\/de\/wp-json\/wp\/v2\/product_tag?post=455"}],"curies":[{"name":"wp","href":"https:\/\/api.w.org\/{rel}","templated":true}]}}