{"id":436,"date":"2025-09-10T01:53:28","date_gmt":"2025-09-10T01:53:28","guid":{"rendered":"https:\/\/www.wjlsteelsupplier.com\/?post_type=product&#038;p=436"},"modified":"2025-10-09T07:16:06","modified_gmt":"2025-10-09T07:16:06","slug":"cold-rolled-steel-plates","status":"publish","type":"product","link":"https:\/\/www.wjlsteelsupplier.com\/de\/produkt\/cold-rolled-steel-plates\/","title":{"rendered":"Kaltgewalzte Stahlbleche - Globale Lieferung und direktes Fabrikangebot"},"content":{"rendered":"<h2 class=\"wp-block-heading\">Merkmale von kaltgewalzten Stahlblechen<\/h2>\n\n\n\n<ul class=\"wp-block-list\">\n<li><strong>Hervorragende Oberfl\u00e4cheng\u00fcte: <\/strong>Kaltgewalzte Stahlbleche werden einer zus\u00e4tzlichen Behandlung unterzogen, um eine sauberere, gl\u00e4nzendere und gleichm\u00e4\u00dfigere Oberfl\u00e4che zu erhalten, die sich f\u00fcr Karosserieteile, Haushaltsger\u00e4te und M\u00f6bel eignet.<\/li>\n\n\n\n<li><strong>Ausgezeichnete Ebenheit: <\/strong>Unsere kaltgewalzten Stahlbleche werden unter kontrollierten Bedingungen hergestellt, so dass der Verzug so gering wie m\u00f6glich ist und eine glatte und stabile Oberfl\u00e4che des Stahlblechs gew\u00e4hrleistet ist.<\/li>\n\n\n\n<li><strong>Breite Anwendung: <\/strong>Kaltgewalzter Stahl hat eine ausgezeichnete Oberfl\u00e4chengl\u00e4tte und mechanische Eigenschaften und eignet sich f\u00fcr die Verwendung in Haushaltsger\u00e4ten, Automobilen, der Eisenwarenherstellung usw.<\/li>\n\n\n\n<li><strong>Stabile Versorgung: <\/strong>Als professioneller Stahllieferant aus China k\u00f6nnen wir eine kontinuierliche Versorgung und schnelle Lieferung gew\u00e4hrleisten.<\/li>\n<\/ul>","protected":false},"excerpt":{"rendered":"<p>Wir bieten im Gro\u00dfhandel hochwertige kaltgewalzte Stahlbleche in einer Vielzahl von Gr\u00f6\u00dfen, Dicken, G\u00fcten und Oberfl\u00e4chen an, um den unterschiedlichen Anforderungen unserer weltweiten Kunden gerecht zu werden. Kaltgewalzte Stahlbleche sind in der Fertigungs- und Bauindustrie weit verbreitet. Wir gew\u00e4hrleisten eine stabile Lieferkette und wettbewerbsf\u00e4hige Preise im Direktvertrieb. Wir unterst\u00fctzen auch kundenspezifische Dienstleistungen. H\u00e4ndler, Konstrukteure und Hersteller sind herzlich eingeladen, sich mit uns in Verbindung zu setzen.<\/p>\n<p>\n<script src=\"chrome-extension:\/\/fpelahbljekknahkcaegamhcndkfpfnc\/iFrame.js\" type=\"text\/javascript\"><\/script><\/p>","protected":false},"featured_media":1220,"comment_status":"closed","ping_status":"closed","template":"","meta":{"_acf_changed":false},"product_brand":[],"product_cat":[19,31],"product_tag":[],"class_list":{"0":"post-436","1":"product","2":"type-product","3":"status-publish","4":"has-post-thumbnail","6":"product_cat-cold-rolled-steel","7":"product_cat-cold-rolled-steel-plates","9":"first","10":"instock","11":"shipping-taxable","12":"product-type-simple"},"acf":[],"_links":{"self":[{"href":"https:\/\/www.wjlsteelsupplier.com\/de\/wp-json\/wp\/v2\/product\/436","targetHints":{"allow":["GET"]}}],"collection":[{"href":"https:\/\/www.wjlsteelsupplier.com\/de\/wp-json\/wp\/v2\/product"}],"about":[{"href":"https:\/\/www.wjlsteelsupplier.com\/de\/wp-json\/wp\/v2\/types\/product"}],"replies":[{"embeddable":true,"href":"https:\/\/www.wjlsteelsupplier.com\/de\/wp-json\/wp\/v2\/comments?post=436"}],"wp:featuredmedia":[{"embeddable":true,"href":"https:\/\/www.wjlsteelsupplier.com\/de\/wp-json\/wp\/v2\/media\/1220"}],"wp:attachment":[{"href":"https:\/\/www.wjlsteelsupplier.com\/de\/wp-json\/wp\/v2\/media?parent=436"}],"wp:term":[{"taxonomy":"product_brand","embeddable":true,"href":"https:\/\/www.wjlsteelsupplier.com\/de\/wp-json\/wp\/v2\/product_brand?post=436"},{"taxonomy":"product_cat","embeddable":true,"href":"https:\/\/www.wjlsteelsupplier.com\/de\/wp-json\/wp\/v2\/product_cat?post=436"},{"taxonomy":"product_tag","embeddable":true,"href":"https:\/\/www.wjlsteelsupplier.com\/de\/wp-json\/wp\/v2\/product_tag?post=436"}],"curies":[{"name":"wp","href":"https:\/\/api.w.org\/{rel}","templated":true}]}}