{"id":361,"date":"2025-09-13T11:13:33","date_gmt":"2025-09-13T11:13:33","guid":{"rendered":"https:\/\/www.wjlsteelsupplier.com\/?post_type=product&#038;p=361"},"modified":"2025-09-18T14:37:33","modified_gmt":"2025-09-18T14:37:33","slug":"stainless-steel-plates","status":"publish","type":"product","link":"https:\/\/www.wjlsteelsupplier.com\/de\/produkt\/stainless-steel-plates\/","title":{"rendered":"Edelstahl-Platten Fabrik Gro\u00dfhandel - 210, 304, 316"},"content":{"rendered":"<h2 class=\"wp-block-heading\">Merkmale von Platten aus rostfreiem Stahl<\/h2>\n\n\n\n<ul class=\"wp-block-list\">\n<li><strong>Ausgezeichnete Korrosionsbest\u00e4ndigkeit:<\/strong> Unsere Edelstahlbleche, insbesondere die der G\u00fcteklassen 304 und 316, k\u00f6nnen Rost, Oxidation und chemischer Korrosion in verschiedenen Umgebungen widerstehen.<\/li>\n\n\n\n<li><strong>Langlebig: <\/strong>Diese Edelstahlplatten werden aus hochwertigen Materialien hergestellt, um eine hervorragende Festigkeit und Verschlei\u00dffestigkeit zu gew\u00e4hrleisten. Sie k\u00f6nnen auch unter schweren Lasten und extremen Bedingungen intakt bleiben.<\/li>\n\n\n\n<li><strong>Vielf\u00e4ltige Verarbeitungsm\u00f6glichkeiten: <\/strong>Bleche aus nichtrostendem Stahl lassen sich leicht schneiden, walzen, stanzen, biegen oder in verschiedene Formen pressen, und diese Vielseitigkeit kann den Anforderungen zahlreicher Branchen gerecht werden.<\/li>\n\n\n\n<li><strong>Hygiene und geringe Wartungskosten: <\/strong>Unsere Edelstahlplatten haben eine glatte und porenfreie Oberfl\u00e4che, die die Adsorption von Chemikalien, Bakterien oder anderen Schadstoffen wirksam verhindern kann. Dadurch eignen sie sich hervorragend f\u00fcr Anwendungen, die extrem hohe Hygienestandards erfordern, wie z. B. die Lebensmittelverarbeitung, medizinische Ger\u00e4te und Laborumgebungen.<\/li>\n<\/ul>","protected":false},"excerpt":{"rendered":"<p>Gro\u00dfhandel mit Blechen aus rostfreiem Stahl, erh\u00e4ltlich in den G\u00fcteklassen 210, 304 und 316, mit ausgezeichneter Korrosionsbest\u00e4ndigkeit, hoher Festigkeit und Haltbarkeit. Seine Oberfl\u00e4che ist glatt und gleichm\u00e4\u00dfig, mit einer Vielzahl von Bearbeitungsm\u00f6glichkeiten, so dass es eine ideale Wahl f\u00fcr industrielle, architektonische, dekorative und sanit\u00e4re Anwendungen. Als Lieferant von rostfreiem Stahl aus China bieten wir Unterst\u00fctzung bei der Lieferung gro\u00dfer Mengen und bieten wettbewerbsf\u00e4hige Preise.<\/p>\n<p><script src=\"chrome-extension:\/\/fpelahbljekknahkcaegamhcndkfpfnc\/iFrame.js\" type=\"text\/javascript\"><\/script><\/p>\n<p>\n<script src=\"chrome-extension:\/\/fpelahbljekknahkcaegamhcndkfpfnc\/iFrame.js\" type=\"text\/javascript\"><\/script><\/p>","protected":false},"featured_media":524,"comment_status":"closed","ping_status":"closed","template":"","meta":{"_acf_changed":false},"product_brand":[],"product_cat":[25,44],"product_tag":[],"class_list":{"0":"post-361","1":"product","2":"type-product","3":"status-publish","4":"has-post-thumbnail","6":"product_cat-stainless-steel","7":"product_cat-stainless-steel-plates","9":"first","10":"instock","11":"shipping-taxable","12":"product-type-simple"},"acf":[],"_links":{"self":[{"href":"https:\/\/www.wjlsteelsupplier.com\/de\/wp-json\/wp\/v2\/product\/361","targetHints":{"allow":["GET"]}}],"collection":[{"href":"https:\/\/www.wjlsteelsupplier.com\/de\/wp-json\/wp\/v2\/product"}],"about":[{"href":"https:\/\/www.wjlsteelsupplier.com\/de\/wp-json\/wp\/v2\/types\/product"}],"replies":[{"embeddable":true,"href":"https:\/\/www.wjlsteelsupplier.com\/de\/wp-json\/wp\/v2\/comments?post=361"}],"wp:featuredmedia":[{"embeddable":true,"href":"https:\/\/www.wjlsteelsupplier.com\/de\/wp-json\/wp\/v2\/media\/524"}],"wp:attachment":[{"href":"https:\/\/www.wjlsteelsupplier.com\/de\/wp-json\/wp\/v2\/media?parent=361"}],"wp:term":[{"taxonomy":"product_brand","embeddable":true,"href":"https:\/\/www.wjlsteelsupplier.com\/de\/wp-json\/wp\/v2\/product_brand?post=361"},{"taxonomy":"product_cat","embeddable":true,"href":"https:\/\/www.wjlsteelsupplier.com\/de\/wp-json\/wp\/v2\/product_cat?post=361"},{"taxonomy":"product_tag","embeddable":true,"href":"https:\/\/www.wjlsteelsupplier.com\/de\/wp-json\/wp\/v2\/product_tag?post=361"}],"curies":[{"name":"wp","href":"https:\/\/api.w.org\/{rel}","templated":true}]}}