{"id":1494,"date":"2026-01-30T07:01:50","date_gmt":"2026-01-30T07:01:50","guid":{"rendered":"https:\/\/www.wjlsteelsupplier.com\/?post_type=product&#038;p=1494"},"modified":"2026-02-06T09:18:09","modified_gmt":"2026-02-06T09:18:09","slug":"wholesale-bright-finish-cold-rolled-steel-coil","status":"publish","type":"product","link":"https:\/\/www.wjlsteelsupplier.com\/de\/produkt\/wholesale-bright-finish-cold-rolled-steel-coil\/","title":{"rendered":"Gro\u00dfhandel Bright Finish kaltgewalzte Stahlspule (Double Bright Finish) Lieferant und Verarbeiter"},"content":{"rendered":"<h2 class=\"wp-block-heading\">Merkmale von kaltgewalzten Stahlb\u00e4ndern mit gl\u00e4nzender Oberfl\u00e4che<\/h2>\n\n\n\n<ul class=\"wp-block-list\">\n<li><strong>Hervorragende Oberfl\u00e4chenintegrit\u00e4t:<\/strong> Die hochgl\u00e4nzende, beidseitig gl\u00e4nzende Oberfl\u00e4che (BA\/Spiegel\u00e4hnlich) mit au\u00dfergew\u00f6hnlicher Oberfl\u00e4chengl\u00e4tte bietet eine erstklassige \u00e4sthetische Basis f\u00fcr hochwertige Anwendungen.<\/li>\n\n\n\n<li><strong>Hochpr\u00e4zise Ma\u00dfhaltigkeit:<\/strong> Entwickelt mit branchenf\u00fchrenden Toleranzen und hervorragender Ebenheit (I-Units-Kontrolle), die eine nahtlose Kompatibilit\u00e4t mit automatisierter Hochgeschwindigkeits-CNC-Bearbeitung, Pr\u00e4zisionspr\u00e4gung und Laserschneiden gew\u00e4hrleisten.<\/li>\n\n\n\n<li><strong>Optimierte Verformbarkeit und mechanisches Gleichgewicht:<\/strong> Bietet eine raffinierte Kornstruktur, die ein Gleichgewicht zwischen Zugfestigkeit und hoher Dehnung herstellt und eine stabile Leistung w\u00e4hrend komplexer Biege-, Zieh- und Tiefziehzyklen gew\u00e4hrleistet, ohne dass es zu Orangenhaut an der Oberfl\u00e4che kommt.<\/li>\n\n\n\n<li><strong>Verbesserte Kompatibilit\u00e4t bei der Nachbearbeitung:<\/strong> Die Oberfl\u00e4chenchemie ist f\u00fcr eine hervorragende Haftung bei der Galvanisierung (Chrom\/Nickel), PVD-Beschichtung und Pulverbeschichtung optimiert, wodurch die Kosten f\u00fcr das Vorpolieren minimiert und gleichzeitig eine makellose Endbearbeitung gew\u00e4hrleistet wird.<\/li>\n<\/ul>\n\n\n\n<h2 class=\"wp-block-heading\">Anwendung von kaltgewalzten Stahlb\u00e4ndern mit blanker Oberfl\u00e4che<\/h2>\n\n\n\n<div class=\"wp-block-columns is-layout-flex wp-container-core-columns-is-layout-9d6595d7 wp-block-columns-is-layout-flex\">\n<div class=\"wp-block-column is-layout-flow wp-block-column-is-layout-flow\" style=\"flex-basis:66.66%\">\n<p><strong>Hausger\u00e4te Exterieur<\/strong><\/p>\n\n\n\n<ul class=\"wp-block-list\">\n<li><strong>K\u00fchlschr\u00e4nke:<\/strong> Hochwertige T\u00fcrverkleidungen und Seitenverkleidungen, die eine glatte, metallische Textur erfordern.<\/li>\n\n\n\n<li><strong>Waschmaschinen:<\/strong> Schalttafelrahmen, Zierleisten und Umrandungselemente.<\/li>\n\n\n\n<li><strong>Elektronik in der K\u00fcche:<\/strong> Au\u00dfengeh\u00e4use f\u00fcr Mikrowellen und Back\u00f6fen, bei denen die Hitzebest\u00e4ndigkeit mit einer dekorativen, leicht zu reinigenden Oberfl\u00e4che gepaart werden muss.<\/li>\n<\/ul>\n<\/div>\n\n\n\n<div class=\"wp-block-column is-layout-flow wp-block-column-is-layout-flow\" style=\"flex-basis:33.33%\">\n<figure class=\"wp-block-image size-full\"><img decoding=\"async\" width=\"864\" height=\"1184\" src=\"https:\/\/www.wjlsteelsupplier.com\/wp-content\/uploads\/2025\/09\/stationery-clip.webp\" alt=\"\" class=\"wp-image-1499\" srcset=\"https:\/\/www.wjlsteelsupplier.com\/wp-content\/uploads\/2025\/09\/stationery-clip.webp 864w, https:\/\/www.wjlsteelsupplier.com\/wp-content\/uploads\/2025\/09\/stationery-clip-219x300.webp 219w, https:\/\/www.wjlsteelsupplier.com\/wp-content\/uploads\/2025\/09\/stationery-clip-768x1052.webp 768w, https:\/\/www.wjlsteelsupplier.com\/wp-content\/uploads\/2025\/09\/stationery-clip-9x12.webp 9w, https:\/\/www.wjlsteelsupplier.com\/wp-content\/uploads\/2025\/09\/stationery-clip-600x822.webp 600w\" sizes=\"(max-width: 864px) 100vw, 864px\" \/><\/figure>\n<\/div>\n<\/div>\n\n\n\n<div class=\"wp-block-columns is-layout-flex wp-container-core-columns-is-layout-9d6595d7 wp-block-columns-is-layout-flex\">\n<div class=\"wp-block-column is-layout-flow wp-block-column-is-layout-flow\" style=\"flex-basis:33.33%\">\n<figure class=\"wp-block-image size-full\"><img decoding=\"async\" width=\"864\" height=\"1184\" src=\"https:\/\/www.wjlsteelsupplier.com\/wp-content\/uploads\/2025\/09\/door-handle.webp\" alt=\"\" class=\"wp-image-1498\" srcset=\"https:\/\/www.wjlsteelsupplier.com\/wp-content\/uploads\/2025\/09\/door-handle.webp 864w, https:\/\/www.wjlsteelsupplier.com\/wp-content\/uploads\/2025\/09\/door-handle-219x300.webp 219w, https:\/\/www.wjlsteelsupplier.com\/wp-content\/uploads\/2025\/09\/door-handle-768x1052.webp 768w, https:\/\/www.wjlsteelsupplier.com\/wp-content\/uploads\/2025\/09\/door-handle-9x12.webp 9w, https:\/\/www.wjlsteelsupplier.com\/wp-content\/uploads\/2025\/09\/door-handle-600x822.webp 600w\" sizes=\"(max-width: 864px) 100vw, 864px\" \/><\/figure>\n<\/div>\n\n\n\n<div class=\"wp-block-column is-layout-flow wp-block-column-is-layout-flow\" style=\"flex-basis:66.66%\">\n<p><strong>Hardware und architektonisches Dekor<\/strong><\/p>\n\n\n\n<ul class=\"wp-block-list\">\n<li><strong>M\u00f6belbeschl\u00e4ge:<\/strong> Hochwertige Griffe, strukturelle Halterungen und dekorative Einlegeleisten.<\/li>\n\n\n\n<li><strong>Beleuchtungsindustrie:<\/strong> Lampengeh\u00e4use und hochreflektierende Reflektoren.<\/li>\n\n\n\n<li><strong>Galvanisierte Komponenten:<\/strong> Alle Beschl\u00e4ge, die durch Verchromen oder Vernickeln auf Hochglanz gebracht werden sollen; die geringe Oberfl\u00e4chenrauhigkeit des Grundmaterials gew\u00e4hrleistet eine hochwertige, fehlerfreie Beschichtung.<\/li>\n<\/ul>\n<\/div>\n<\/div>\n\n\n\n<p><\/p>","protected":false},"excerpt":{"rendered":"<p>Kaltgewalztes Stahlband mit gl\u00e4nzender Oberfl\u00e4che im Gro\u00dfhandel (doppelte gl\u00e4nzende Oberfl\u00e4che), das sich durch glatte, gl\u00e4nzende Oberfl\u00e4chen auf beiden Seiten auszeichnet.  Es ist f\u00fcr Ger\u00e4tetafeln und dekorative Beschl\u00e4ge konzipiert, die ein ausgezeichnetes Aussehen, Ma\u00dfgenauigkeit und eine hervorragende Oberfl\u00e4chenverarbeitbarkeit erfordern. Als Lieferant von rostfreiem Stahl aus China bieten wir Unterst\u00fctzung bei Gro\u00dflieferungen und bieten wettbewerbsf\u00e4hige Preise.<\/p>\n<p><script src=\"chrome-extension:\/\/fpelahbljekknahkcaegamhcndkfpfnc\/iFrame.js\" type=\"text\/javascript\"><\/script><\/p>","protected":false},"featured_media":1506,"comment_status":"closed","ping_status":"closed","template":"","meta":{"_acf_changed":false},"product_brand":[],"product_cat":[19,66],"product_tag":[],"class_list":{"0":"post-1494","1":"product","2":"type-product","3":"status-publish","4":"has-post-thumbnail","6":"product_cat-cold-rolled-steel","7":"product_cat-bright-finish-cold-rolled-steel-coil","9":"first","10":"instock","11":"shipping-taxable","12":"product-type-simple"},"acf":[],"_links":{"self":[{"href":"https:\/\/www.wjlsteelsupplier.com\/de\/wp-json\/wp\/v2\/product\/1494","targetHints":{"allow":["GET"]}}],"collection":[{"href":"https:\/\/www.wjlsteelsupplier.com\/de\/wp-json\/wp\/v2\/product"}],"about":[{"href":"https:\/\/www.wjlsteelsupplier.com\/de\/wp-json\/wp\/v2\/types\/product"}],"replies":[{"embeddable":true,"href":"https:\/\/www.wjlsteelsupplier.com\/de\/wp-json\/wp\/v2\/comments?post=1494"}],"wp:featuredmedia":[{"embeddable":true,"href":"https:\/\/www.wjlsteelsupplier.com\/de\/wp-json\/wp\/v2\/media\/1506"}],"wp:attachment":[{"href":"https:\/\/www.wjlsteelsupplier.com\/de\/wp-json\/wp\/v2\/media?parent=1494"}],"wp:term":[{"taxonomy":"product_brand","embeddable":true,"href":"https:\/\/www.wjlsteelsupplier.com\/de\/wp-json\/wp\/v2\/product_brand?post=1494"},{"taxonomy":"product_cat","embeddable":true,"href":"https:\/\/www.wjlsteelsupplier.com\/de\/wp-json\/wp\/v2\/product_cat?post=1494"},{"taxonomy":"product_tag","embeddable":true,"href":"https:\/\/www.wjlsteelsupplier.com\/de\/wp-json\/wp\/v2\/product_tag?post=1494"}],"curies":[{"name":"wp","href":"https:\/\/api.w.org\/{rel}","templated":true}]}}